{"id":1529,"date":"2019-01-03T14:35:38","date_gmt":"2019-01-03T13:35:38","guid":{"rendered":"https:\/\/www.campingdarvor.com\/mobilheim-vermietung-morbihan\/location-mobil-home-luxe-morbihan\/"},"modified":"2025-06-30T16:25:31","modified_gmt":"2025-06-30T14:25:31","slug":"luxus-mobilheim-vermietung-morbihan","status":"publish","type":"page","link":"https:\/\/www.campingdarvor.com\/de\/mobilheim-vermietung-morbihan\/luxus-mobilheim-vermietung-morbihan\/","title":{"rendered":"Mobilheim Premiumbereich Morbihan"},"content":{"rendered":"<p>[vc_row el_class=&#8220;bggrey&#8220; css=&#8220;.vc_custom_1545312617900{padding-top: 0px !important;}&#8220;][vc_column][vc_row_inner el_class=&#8220;wrap row960&#8243;][vc_column_inner][vc_column_text el_class=&#8220;center&#8220; css=&#8220;.vc_custom_1545312680714{margin-bottom: 15px !important;}&#8220;][\/vc_column_text][\/vc_column_inner][\/vc_row_inner][vc_row_inner equal_height=&#8220;yes&#8220; content_placement=&#8220;middle&#8220; el_class=&#8220;bgwhite wrap&#8220; css=&#8220;.vc_custom_1545312742488{padding-top: 15px !important;padding-bottom: 15px !important;}&#8220;][vc_column_inner width=&#8220;1\/2&#8243;][vc_single_image image=&#8220;1293&#8243; img_size=&#8220;555&#215;350&#8243;][\/vc_column_inner][vc_column_inner width=&#8220;1\/2&#8243;][vc_column_text el_class=&#8220;border-txt&#8220; css=&#8220;.vc_custom_1640613874189{margin-top: 0px !important;margin-bottom: 0px !important;}&#8220;]<\/p>\n<p>&#8211; Mobilheim 2018 mit 3 Schlafzimmern f\u00fcr 6 Personen<\/p>\n<p>&#8211; 1 Master-Suite mit 1 Bett 140&#215;190, Stauraum, Rolll\u00e4den, Bad mit Dusche xxl, Waschbecken und Toilette, ger\u00e4umiges Wohnzimmer mit Sitzecke, Einbauk\u00fcche, gro\u00dfe K\u00fchl-Gefrier-Kombination, Esszimmer, gro\u00dfer Fernseher,<\/p>\n<p>&#8211; 2 Schlafzimmer mit je 2 Einzelbetten 80&#215;190 und Stauraum, Rolll\u00e4den, 1 Badezimmer mit Dusche und Waschbecken, separates WC, Heizung in allen R\u00e4umen.<\/p>\n<p>&#8211; \u00dcberdachte Au\u00dfenterrasse f\u00fcr 2019, Gartenm\u00f6bel, Sonnenbad.<\/p>\n<p>&#8211; Tiere sind nicht erlaubt.<\/p>\n<p>[\/vc_column_text][\/vc_column_inner][\/vc_row_inner][vc_column_text el_class=&#8220;center&#8220; css=&#8220;.vc_custom_1545312832111{margin-top: 26px !important;}&#8220;]<img decoding=\"async\" src=\"\/wp-content\/uploads\/2018\/02\/camping-avec-piscine-morbihan.png\" alt=\"Camping avec piscine Morbihan\" \/>[\/vc_column_text][\/vc_column][\/vc_row][vc_row el_class=&#8220;wrap&#8220;][vc_column][vc_raw_html]JTNDZGl2JTNFJTNDdGhyLXNpbXBsZWJsb2NrJTIwY2F0ZWdvcmllcyUzRCUyMiU1QjMlNUQlMjIlMjBkYXklM0QlMjJzYW1lZGklMjIlMjBzaG93LXBpY3R1cmUlM0QlMjJ0cnVlJTIyJTIwc2VhcmNoLXR5cGUlM0QlMjIxJTIyJTNFJTIwJTNDJTJGdGhyLXNpbXBsZWJsb2NrJTNFJTNDJTJGZGl2JTNF[\/vc_raw_html][\/vc_column][\/vc_row]<\/p>\n","protected":false},"excerpt":{"rendered":"<p>[vc_row el_class=&#8220;bggrey&#8220; css=&#8220;.vc_custom_1545312617900{padding-top: 0px !important;}&#8220;][vc_column][vc_row_inner el_class=&#8220;wrap row960&#8243;][vc_column_inner][vc_column_text el_class=&#8220;center&#8220; css=&#8220;.vc_custom_1545312680714{margin-bottom: 15px [&hellip;]<\/p>\n<a href=\"https:\/\/www.campingdarvor.com\/de\/mobilheim-vermietung-morbihan\/luxus-mobilheim-vermietung-morbihan\/\">View Post<\/a>","protected":false},"author":1,"featured_media":3182,"parent":554,"menu_order":0,"comment_status":"closed","ping_status":"closed","template":"page-templates\/soeur-locatif.php","meta":{"_acf_changed":false,"footnotes":""},"class_list":["post-1529","page","type-page","status-publish","has-post-thumbnail","hentry"],"acf":[],"_links":{"self":[{"href":"https:\/\/www.campingdarvor.com\/de\/wp-json\/wp\/v2\/pages\/1529"}],"collection":[{"href":"https:\/\/www.campingdarvor.com\/de\/wp-json\/wp\/v2\/pages"}],"about":[{"href":"https:\/\/www.campingdarvor.com\/de\/wp-json\/wp\/v2\/types\/page"}],"author":[{"embeddable":true,"href":"https:\/\/www.campingdarvor.com\/de\/wp-json\/wp\/v2\/users\/1"}],"replies":[{"embeddable":true,"href":"https:\/\/www.campingdarvor.com\/de\/wp-json\/wp\/v2\/comments?post=1529"}],"version-history":[{"count":7,"href":"https:\/\/www.campingdarvor.com\/de\/wp-json\/wp\/v2\/pages\/1529\/revisions"}],"predecessor-version":[{"id":3146,"href":"https:\/\/www.campingdarvor.com\/de\/wp-json\/wp\/v2\/pages\/1529\/revisions\/3146"}],"up":[{"embeddable":true,"href":"https:\/\/www.campingdarvor.com\/de\/wp-json\/wp\/v2\/pages\/554"}],"wp:featuredmedia":[{"embeddable":true,"href":"https:\/\/www.campingdarvor.com\/de\/wp-json\/wp\/v2\/media\/3182"}],"wp:attachment":[{"href":"https:\/\/www.campingdarvor.com\/de\/wp-json\/wp\/v2\/media?parent=1529"}],"curies":[{"name":"wp","href":"https:\/\/api.w.org\/{rel}","templated":true}]}}