{"id":1540,"date":"2019-12-31T11:49:19","date_gmt":"2019-12-31T10:49:19","guid":{"rendered":"https:\/\/www.campingdarvor.com\/mobilheim-vermietung-morbihan\/location-mobil-home-pmr-4pers\/"},"modified":"2026-03-04T12:26:04","modified_gmt":"2026-03-04T11:26:04","slug":"mobilheim-vermietung-pmr-4-personen","status":"publish","type":"page","link":"https:\/\/www.campingdarvor.com\/de\/mobilheim-vermietung-morbihan\/mobilheim-vermietung-pmr-4-personen\/","title":{"rendered":"Mobilheim-Vermietung PMR 4 personen"},"content":{"rendered":"<p>[vc_row el_class=&#8220;bggrey&#8220; css=&#8220;.vc_custom_1518891948857{padding-top: 0px !important;}&#8220;][vc_column][vc_row_inner el_class=&#8220;wrap row960&#8243;][vc_column_inner][vc_column_text el_class=&#8220;center&#8220; css=&#8220;.vc_custom_1640614550508{margin-bottom: 15px !important;}&#8220;]<\/p>\n<p>Mobilheim f\u00fcr Personen mit eingeschr\u00e4nkter Mobilit\u00e4t f\u00fcr 4 Personen mit Zugangsrampe. Bestehend aus 2 Schlafzimmer, eines davon sehr ger\u00e4umig mit einem Bett 160 x 200 cm, einem Kleiderschrank, Rolll\u00e4den an den Fenstern, Heizung, 1 Schlafzimmer mit 2 Einzelbetten 80 x 190 cm, Rolll\u00e4den, 1 sch\u00f6nes Wohnzimmer mit K\u00fcche ausgestattet mit K\u00fchl-Gefrierkombination, Mikrowelle, Kaffeemaschine, Wasserkocher, Gasherd, Dunstabzugshaube, Wohn-\/Esszimmer mit Sitzbank, Fernseher, Heizung, 1 ger\u00e4umiges Duschbad mit angepasster Toilette und Dusche, halb \u00fcberdachte Terrasse mit Gartenm\u00f6beln. Kissen, Matratzen und Decken werden zur Verf\u00fcgung gestellt.<\/p>\n<p>[\/vc_column_text][\/vc_column_inner][\/vc_row_inner][vc_row_inner equal_height=&#8220;yes&#8220; content_placement=&#8220;middle&#8220; el_class=&#8220;bgwhite wrap&#8220; css=&#8220;.vc_custom_1518892359127{padding-top: 15px !important;padding-bottom: 15px !important;}&#8220;][vc_column_inner width=&#8220;1\/2&#8243;][vc_single_image image=&#8220;1492&#8243; img_size=&#8220;555&#215;350&#8243; css=&#8220;.vc_custom_1577789927780{margin-bottom: 0px !important;}&#8220;][\/vc_column_inner][vc_column_inner width=&#8220;1\/2&#8243;][vc_column_text el_class=&#8220;border-txt&#8220; css=&#8220;.vc_custom_1640614560276{margin-top: 0px !important;margin-bottom: 0px !important;}&#8220;]<\/p>\n<p>&#8211; Zimmer: 1 Zimmer ausgestattet mit einem Bett 160x200cm und 1 Zimmer ausgestattet mit 2 Betten 80x190cm<\/p>\n<p>Kissen und Decken werden zur Verf\u00fcgung gestellt und Bettw\u00e4sche kann gemietet werden.<\/p>\n<p>&#8211; K\u00fcche: K\u00fcche ausgestattet mit Gasherd, K\u00fchlschrank, Mikrowelle, Kaffeemaschine, Geschirr und Besteck.<\/p>\n<p>&#8211; Badezimmer: ausgestattet mit Dusche und Waschbecken.<br \/>\nBringen Sie Ihre eigenen Handt\u00fccher mit.<\/p>\n<p>&#8211; Angepasste Toiletten<\/p>\n<p>\u00dcberdachte Terrasse mit Gartenm\u00f6beln.<\/p>\n<p>[\/vc_column_text][\/vc_column_inner][\/vc_row_inner][vc_column_text el_class=&#8220;center&#8220; css=&#8220;.vc_custom_1518892412834{margin-top: 26px !important;}&#8220;]<img decoding=\"async\" src=\"\/wp-content\/uploads\/2018\/02\/camping-avec-piscine-morbihan.png\" alt=\"Camping avec piscine Morbihan\" \/>[\/vc_column_text][\/vc_column][\/vc_row][vc_row el_class=&#8220;wrap&#8220; css=&#8220;.vc_custom_1519995253310{margin-top: 25px !important;}&#8220;][vc_column][vc_raw_html]JTNDZGl2JTNFJTNDdGhyLXNpbXBsZWJsb2NrJTIwY2F0ZWdvcmllcyUzRCUyMiU1QjEyJTVEJTIyJTIwZGF5JTNEJTIyc2FtZWRpJTIyJTIwc2hvdy1waWN0dXJlJTNEJTIydHJ1ZSUyMiUyMHNlYXJjaC10eXBlJTNEJTIyMSUyMiUzRSUyMCUzQyUyRnRoci1zaW1wbGVibG9jayUzRSUzQyUyRmRpdiUzRQ==[\/vc_raw_html][\/vc_column][\/vc_row]<\/p>\n","protected":false},"excerpt":{"rendered":"<p>[vc_row el_class=&#8220;bggrey&#8220; css=&#8220;.vc_custom_1518891948857{padding-top: 0px !important;}&#8220;][vc_column][vc_row_inner el_class=&#8220;wrap row960&#8243;][vc_column_inner][vc_column_text el_class=&#8220;center&#8220; css=&#8220;.vc_custom_1640614550508{margin-bottom: 15px [&hellip;]<\/p>\n<a href=\"https:\/\/www.campingdarvor.com\/de\/mobilheim-vermietung-morbihan\/mobilheim-vermietung-pmr-4-personen\/\">View Post<\/a>","protected":false},"author":1,"featured_media":3235,"parent":554,"menu_order":0,"comment_status":"closed","ping_status":"closed","template":"page-templates\/soeur-locatif.php","meta":{"_acf_changed":false,"footnotes":""},"class_list":["post-1540","page","type-page","status-publish","has-post-thumbnail","hentry"],"acf":[],"_links":{"self":[{"href":"https:\/\/www.campingdarvor.com\/de\/wp-json\/wp\/v2\/pages\/1540"}],"collection":[{"href":"https:\/\/www.campingdarvor.com\/de\/wp-json\/wp\/v2\/pages"}],"about":[{"href":"https:\/\/www.campingdarvor.com\/de\/wp-json\/wp\/v2\/types\/page"}],"author":[{"embeddable":true,"href":"https:\/\/www.campingdarvor.com\/de\/wp-json\/wp\/v2\/users\/1"}],"replies":[{"embeddable":true,"href":"https:\/\/www.campingdarvor.com\/de\/wp-json\/wp\/v2\/comments?post=1540"}],"version-history":[{"count":10,"href":"https:\/\/www.campingdarvor.com\/de\/wp-json\/wp\/v2\/pages\/1540\/revisions"}],"predecessor-version":[{"id":3490,"href":"https:\/\/www.campingdarvor.com\/de\/wp-json\/wp\/v2\/pages\/1540\/revisions\/3490"}],"up":[{"embeddable":true,"href":"https:\/\/www.campingdarvor.com\/de\/wp-json\/wp\/v2\/pages\/554"}],"wp:featuredmedia":[{"embeddable":true,"href":"https:\/\/www.campingdarvor.com\/de\/wp-json\/wp\/v2\/media\/3235"}],"wp:attachment":[{"href":"https:\/\/www.campingdarvor.com\/de\/wp-json\/wp\/v2\/media?parent=1540"}],"curies":[{"name":"wp","href":"https:\/\/api.w.org\/{rel}","templated":true}]}}