{"id":550,"date":"2018-04-16T12:31:49","date_gmt":"2018-04-16T10:31:49","guid":{"rendered":"https:\/\/www.campingdarvor.com\/3-sterne-campingplatz-morbihan\/"},"modified":"2025-01-06T15:24:19","modified_gmt":"2025-01-06T14:24:19","slug":"3-sterne-campingplatz-morbihan","status":"publish","type":"page","link":"https:\/\/www.campingdarvor.com\/de\/3-sterne-campingplatz-morbihan\/","title":{"rendered":"3-Sterne-Campingplatz Morbihan"},"content":{"rendered":"<p>[vc_row el_class=&#8220;bggrey&#8220; css=&#8220;.vc_custom_1518891948857{padding-top: 0px !important;}&#8220;][vc_column][vc_row_inner equal_height=&#8220;yes&#8220; content_placement=&#8220;middle&#8220; el_class=&#8220;bgwhite wrap&#8220; css=&#8220;.vc_custom_1518892359127{padding-top: 15px !important;padding-bottom: 15px !important;}&#8220;][vc_column_inner width=&#8220;1\/2&#8243;][vc_single_image image=&#8220;1371&#8243; img_size=&#8220;555&#215;350&#8243; css=&#8220;.vc_custom_1569929934205{margin-bottom: 0px !important;}&#8220;][\/vc_column_inner][vc_column_inner width=&#8220;1\/2&#8243;][vc_column_text el_class=&#8220;border-txt&#8220; css=&#8220;.vc_custom_1665046408590{margin-top: 0px !important;margin-bottom: 0px !important;}&#8220;]<\/p>\n<p>Auf dem Camping d&#8217;Arvor stehen Ihnen zahlreiche Dienstleistungen zur Verf\u00fcgung f\u00fcr<br \/>\nIhren Aufenthalt in der Bretagne zu erleichtern :<\/p>\n<ul>\n<li>Waschmaschine mit M\u00fcnzautomat, erh\u00e4ltlich an der Rezeption zum Preis von 5 \u20ac<\/li>\n<li>M\u00fcnzbet\u00e4tigter W\u00e4schetrockner, zum Preis von 4 \u20ac<\/li>\n<li>Bibliothek mit Ausleihe von Erwachsenen-, Jugend- und Kinderb\u00fcchern in Selbstbedienung an der Rezeption.<\/li>\n<li>Haartrockner, B\u00fcgeleisen und B\u00fcgelbrett auf Anfrage an der Rezeption erh\u00e4ltlich.<\/li>\n<li>Touristische Dokumentation, die an der Rezeption erh\u00e4ltlich ist, um Ihnen die Entdeckung des S\u00fcdens der Bretagne und ihrer Umgebung zu erleichtern.<\/li>\n<\/ul>\n<p>[\/vc_column_text][\/vc_column_inner][\/vc_row_inner][vc_column_text el_class=&#8220;center&#8220; css=&#8220;.vc_custom_1635325287349{margin-top: 26px !important;}&#8220;]<\/p>\n<p><img decoding=\"async\" src=\"\/wp-content\/uploads\/2021\/10\/camping-avec-piscine-morbihan.png\" alt=\"Camping avec piscine Morbihan\" \/><\/p>\n<p>[\/vc_column_text][\/vc_column][\/vc_row][vc_row el_class=&#8220;bggrey&#8220; css=&#8220;.vc_custom_1603101644683{padding-top: 40px !important;padding-bottom: 50px !important;}&#8220; el_id=&#8220;services-row&#8220;][vc_column][vc_raw_html el_class=&#8220;wrap center&#8220;]JTNDZGl2JTIwY2xhc3MlM0QlMjJzZXJ2aWNlLWJveCUyMiUzRSUwQSUzQ2ltZyUyMHNyYyUzRCUyMiUyRndwLWNvbnRlbnQlMkZ0aGVtZXMlMkZpdmVuYS1jaGlsZCUyRmltYWdlcyUyRnNlcnZpY2VzJTJGY2FtcGluZy1hdmVjLXdpZmktbW9yYmloYW4ucG5nJTIyJTIwYWx0JTNEJTIyQ2FtcGluZyUyMG1pdCUyMFdpZmklMjBNb3JiaWhhbiUyMiUyMCUyRiUzRSUwQSUzQ2ltZyUyMHNyYyUzRCUyMiUyRndwLWNvbnRlbnQlMkZ0aGVtZXMlMkZpdmVuYS1jaGlsZCUyRmltYWdlcyUyRnNlcnZpY2VzJTJGY2FtcGluZy1hdmVjLXdpZmktbW9yYmloYW4ucG5nJTIyJTIwYWx0JTNEJTIyQ2FtcGluZyUyMG1pdCUyMFdpZmklMjBNb3JiaWhhbiUyMiUyMGNsYXNzJTNEJTIyaG92ZXJlZCUyMiUyMCUyRiUzRSUwQSUzQyUyRmRpdiUzRSUwQSUzQ2RpdiUyMGNsYXNzJTNEJTIyc2VydmljZS1ib3glMjIlM0UlMEElM0NpbWclMjBzcmMlM0QlMjIlMkZ3cC1jb250ZW50JTJGdGhlbWVzJTJGaXZlbmEtY2hpbGQlMkZpbWFnZXMlMkZzZXJ2aWNlcyUyRmNhbXBpbmctYXZlYy1iYXItbW9yYmloYW4ucG5nJTIyJTIwYWx0JTNEJTIyQ2FtcGluZyUyMG1pdCUyMEJhciUyME1vcmJpaGFuJTIyJTIwJTJGJTNFJTBBJTNDaW1nJTIwc3JjJTNEJTIyJTJGd3AtY29udGVudCUyRnRoZW1lcyUyRml2ZW5hLWNoaWxkJTJGaW1hZ2VzJTJGc2VydmljZXMlMkZjYW1waW5nLWF2ZWMtYmFyLW1vcmJpaGFuLnBuZyUyMiUyMGFsdCUzRCUyMkNhbXBpbmclMjBtaXQlMjBCYXIlMjBNb3JiaWhhbiUyMiUyMGNsYXNzJTNEJTIyaG92ZXJlZCUyMiUyMCUyRiUzRSUwQSUzQyUyRmRpdiUzRSUwQSUzQ2RpdiUyMGNsYXNzJTNEJTIyc2VydmljZS1ib3glMjIlM0UlMEElM0NpbWclMjBzcmMlM0QlMjIlMkZ3cC1jb250ZW50JTJGdGhlbWVzJTJGaXZlbmEtY2hpbGQlMkZpbWFnZXMlMkZzZXJ2aWNlcyUyRmNhbXBpbmctYXZlYy1zbmFjay1tb3JiaWhhbi5wbmclMjIlMjBhbHQlM0QlMjJDYW1waW5nJTIwbWl0JTIwU25hY2slMjBNb3JiaWhhbiUyMiUyMCUyRiUzRSUwQSUzQ2ltZyUyMHNyYyUzRCUyMiUyRndwLWNvbnRlbnQlMkZ0aGVtZXMlMkZpdmVuYS1jaGlsZCUyRmltYWdlcyUyRnNlcnZpY2VzJTJGY2FtcGluZy1hdmVjLXNuYWNrLW1vcmJpaGFuLnBuZyUyMiUyMGFsdCUzRCUyMkNhbXBpbmclMjBtaXQlMjBTbmFjayUyME1vcmJpaGFuJTIyJTIwY2xhc3MlM0QlMjJob3ZlcmVkJTIyJTIwJTJGJTNFJTBBJTNDJTJGZGl2JTNFJTBBJTNDZGl2JTIwY2xhc3MlM0QlMjJzZXJ2aWNlLWJveCUyMiUzRSUwQSUzQ2ltZyUyMHNyYyUzRCUyMmh0dHBzJTNBJTJGJTJGd3d3LmNhbXBpbmdkYXJ2b3IuY29tJTJGd3AtY29udGVudCUyRnVwbG9hZHMlMkYyMDE4JTJGMDUlMkZMZWJlbnNtaXR0ZWxnZXNjaGFmdC0xLmpwZyUyMiUyMGFsdCUzRCUyMkNhbXBpbmclMjBtaXQlMjBMZWJlbnNtaXR0ZWxnZXNjaCVDMyVBNGZ0JTIwTW9yYmloYW4lMjIlMjAlMkYlM0UlMEElM0NpbWclMjBzcmMlM0QlMjJodHRwcyUzQSUyRiUyRnd3dy5jYW1waW5nZGFydm9yLmNvbSUyRndwLWNvbnRlbnQlMkZ1cGxvYWRzJTJGMjAxOCUyRjA1JTJGTGViZW5zbWl0dGVsZ2VzY2hhZnQtMS5qcGclMjIlMjBhbHQlM0QlMjJDYW1waW5nJTIwbWl0JTIwTGViZW5zbWl0dGVsZ2VzY2glQzMlQTRmdCUyME1vcmJpaGFuJTIyJTIwY2xhc3MlM0QlMjJob3ZlcmVkJTIyJTIwJTJGJTNFJTBBJTNDJTJGZGl2JTNFJTBBJTNDZGl2JTIwY2xhc3MlM0QlMjJzZXJ2aWNlLWJveCUyMiUzRSUwQSUzQ2ltZyUyMHNyYyUzRCUyMmh0dHBzJTNBJTJGJTJGd3d3LmNhbXBpbmdkYXJ2b3IuY29tJTJGd3AtY29udGVudCUyRnVwbG9hZHMlMkYyMDE4JTJGMDUlMkZXYXNjaGVyZWkuanBnJTIyJTIwYWx0JTNEJTIyQ2FtcGluZyUyMG1pdCUyMFclQzMlQTRzY2hlcmVpJTIwTW9yYmloYW4lMjIlMjAlMkYlM0UlMEElM0NpbWclMjBzcmMlM0QlMjJodHRwcyUzQSUyRiUyRnd3dy5jYW1waW5nZGFydm9yLmNvbSUyRndwLWNvbnRlbnQlMkZ1cGxvYWRzJTJGMjAxOCUyRjA1JTJGV2FzY2hlcmVpLmpwZyUyMiUyMGFsdCUzRCUyMkNhbXBpbmclMjBtaXQlMjBXJUMzJUE0c2NoZXJlaSUyME1vcmJpaGFuJTIyJTIwY2xhc3MlM0QlMjJob3ZlcmVkJTIyJTIwJTJGJTNFJTBBJTNDJTJGZGl2JTNFJTBBJTNDZGl2JTIwY2xhc3MlM0QlMjJzZXJ2aWNlLWJveCUyMiUzRSUwQSUzQ2ltZyUyMHNyYyUzRCUyMmh0dHBzJTNBJTJGJTJGd3d3LmNhbXBpbmdkYXJ2b3IuY29tJTJGd3AtY29udGVudCUyRnVwbG9hZHMlMkYyMDE4JTJGMDUlMkZCcm90LXdpZW5lci13dXJzdGNoZW4uanBnJTIyJTIwYWx0JTNEJTIyQ2FtcGluZyUyMG1pdCUyMFZpJUMzJUE5bm9pc2VyaWUlMjBNb3JiaWhhbiUyMiUyMCUyRiUzRSUwQSUzQ2ltZyUyMHNyYyUzRCUyMmh0dHBzJTNBJTJGJTJGd3d3LmNhbXBpbmdkYXJ2b3IuY29tJTJGd3AtY29udGVudCUyRnVwbG9hZHMlMkYyMDE4JTJGMDUlMkZCcm90LXdpZW5lci13dXJzdGNoZW4uanBnJTIyJTIwYWx0JTNEJTIyQ2FtcGluZyUyMG1pdCUyMFZpJUMzJUE5bm9pc2VyaWUlMjBNb3JiaWhhbiUyMiUyMGNsYXNzJTNEJTIyaG92ZXJlZCUyMiUyMCUyRiUzRSUwQSUzQyUyRmRpdiUzRQ==[\/vc_raw_html][\/vc_column][\/vc_row][vc_row css=&#8220;.vc_custom_1518892571731{padding-top: 50px !important;padding-bottom: 50px !important;}&#8220;][vc_column][vc_row_inner content_placement=&#8220;middle&#8220; el_class=&#8220;wrap&#8220;][vc_column_inner width=&#8220;1\/2&#8243; el_id=&#8220;content-mer&#8220;][vc_column_text el_class=&#8220;border-txt&#8220;]<\/p>\n<ul>\n<li>Lust auf eine Kreuzfahrt auf dem Golfe du Morbihan? Buchen Sie Ihre Tickets direkt auf dem Campingplatz und profitieren Sie von Sondertarifen<\/li>\n<li>Wi-Fi auf dem Campingplatz.<\/li>\n<li>Blatt mieten.<\/li>\n<li>Miete von Badw\u00e4sche.<\/li>\n<li>Babykits k\u00f6nnen auf vorherige Anfrage, wenn m\u00f6glich bei der Reservierung, ausgeliehen werden.<\/li>\n<li>Ein Spielzimmer (Tischfu\u00dfball, Billard, Flipper, elektronische Spiele&#8230;) mit Zuschlag.<\/li>\n<li>Spielpl\u00e4tze f\u00fcr Kinder von 2 bis 10 Jahren<\/li>\n<\/ul>\n<p>[\/vc_column_text][\/vc_column_inner][vc_column_inner width=&#8220;1\/4&#8243; css=&#8220;.vc_custom_1518893205739{padding-left: 0px !important;}&#8220;][vc_column_text css=&#8220;.vc_custom_1603794139357{margin-bottom: 15px !important;}&#8220;]<\/p>\n<p><img decoding=\"async\" class=\"alignnone size-medium wp-image-236\" src=\"https:\/\/www.campingdarvor.com\/wp-content\/uploads\/2020\/10\/salle-de-jeux-morbihan.jpg\" alt=\"Camping Morbihan avec biblioth\u00e8que\" \/><\/p>\n<p>[\/vc_column_text][vc_column_text el_id=&#8220;borddemer-title&#8220;]<\/p>\n<p>W<br \/>\ni<br \/>\nf<br \/>\ni<\/p>\n<p><img decoding=\"async\" src=\"\/wp-content\/uploads\/2021\/10\/camping-bord-de-mer-morbihan.png\" alt=\"camping bord de mer Morbihan\" \/><\/p>\n<p>[\/vc_column_text][\/vc_column_inner][vc_column_inner width=&#8220;1\/4&#8243; css=&#8220;.vc_custom_1518715552516{margin-left: 0px !important;padding-left: 0px !important;}&#8220;][vc_column_text css=&#8220;.vc_custom_1569934187987{margin-bottom: 15px !important;}&#8220;]<img decoding=\"async\" src=\"https:\/\/www.campingdarvor.com\/wp-content\/uploads\/2019\/10\/amenagements-camping-morbihan-278x300.jpg\" alt=\"\" width=\"278\" height=\"300\" class=\"alignnone size-medium wp-image-235\" \/>[\/vc_column_text][\/vc_column_inner][\/vc_row_inner][vc_column_text el_class=&#8220;center&#8220; css=&#8220;.vc_custom_1635325296964{margin-top: 50px !important;margin-bottom: -15px !important;}&#8220;]<\/p>\n<p><img decoding=\"async\" src=\"\/wp-content\/uploads\/2021\/10\/camping-avec-piscine-morbihan.png\" alt=\"Camping bord de mer Morbihan\" \/><\/p>\n<p>[\/vc_column_text][\/vc_column][\/vc_row][vc_row el_class=&#8220;bggrey&#8220; css=&#8220;.vc_custom_1518891948857{padding-top: 0px !important;}&#8220;][vc_column css=&#8220;.vc_custom_1603793937410{padding-top: 30px !important;}&#8220;][vc_row_inner equal_height=&#8220;yes&#8220; content_placement=&#8220;middle&#8220; el_class=&#8220;bgwhite wrap&#8220; css=&#8220;.vc_custom_1518892359127{padding-top: 15px !important;padding-bottom: 15px !important;}&#8220;][vc_column_inner width=&#8220;1\/2&#8243;][vc_raw_html]JTNDZGl2JTIwY2xhc3MlM0QlMjJmYi1wb3N0JTIyJTIwZGF0YS1ocmVmJTNEJTIyaHR0cHMlM0ElMkYlMkZ3d3cuZmFjZWJvb2suY29tJTJGMTM2MzQwMDIzMDQ3Mjk3MiUyRnBob3RvcyUyRmEuMTM3ODE2NDMyODk5NjU2MiUyRjE3MTcyODAwODUwODQ5ODMlMkYlMjIlMjBkYXRhLXNob3ctdGV4dCUzRCUyMnRydWUlMjIlMjBkYXRhLXdpZHRoJTNEJTIyJTIyJTNFJTNDYmxvY2txdW90ZSUyMGNpdGUlM0QlMjJodHRwcyUzQSUyRiUyRnd3dy5mYWNlYm9vay5jb20lMkYxMzYzNDAwMjMwNDcyOTcyJTJGcGhvdG9zJTJGYS4xMzc4MTY0MzI4OTk2NTYyJTJGMTcxNzI4MDA4NTA4NDk4MyUyRiUzRnR5cGUlM0QzJTIyJTIwY2xhc3MlM0QlMjJmYi14ZmJtbC1wYXJzZS1pZ25vcmUlMjIlM0UlM0NwJTNFYmFyLXNuYWNrJTIwZHUlMjBjYW1waW5nJTIwZCUyNiUyMzAzOSUzQkFydm9yJTNDJTJGcCUzRVB1YmxpJUMzJUE5ZSUyMHBhciUyMCUzQ2ElMjBocmVmJTNEJTIyaHR0cHMlM0ElMkYlMkZ3d3cuZmFjZWJvb2suY29tJTJGQ2FtcGluZy1kQXJ2b3ItMTM2MzQwMDIzMDQ3Mjk3MiUyRiUyMiUzRUNhbXBpbmclMjBkJTI2JTIzMDM5JTNCQXJ2b3IlM0MlMkZhJTNFJTIwc3VyJTI2bmJzcCUzQiUzQ2ElMjBocmVmJTNEJTIyaHR0cHMlM0ElMkYlMkZ3d3cuZmFjZWJvb2suY29tJTJGMTM2MzQwMDIzMDQ3Mjk3MiUyRnBob3RvcyUyRmEuMTM3ODE2NDMyODk5NjU2MiUyRjE3MTcyODAwODUwODQ5ODMlMkYlM0Z0eXBlJTNEMyUyMiUzRVNhbWVkaSUyMDE4JTIwbWFpJTIwMjAxOSUzQyUyRmElM0UlM0MlMkZibG9ja3F1b3RlJTNFJTNDJTJGZGl2JTNF[\/vc_raw_html][\/vc_column_inner][vc_column_inner width=&#8220;1\/2&#8243;][vc_column_text el_class=&#8220;border-txt&#8220; css=&#8220;.vc_custom_1665046424300{margin-top: 0px !important;margin-bottom: 0px !important;}&#8220;]<\/p>\n<ul>\n<li>Eine von April bis September ge\u00f6ffnete Snack-Bar mit Blick auf den Swimmingpool zum Mittag- und Abendessen, das vor Ort genossen oder mitgenommen werden kann.<\/li>\n<li>Kleines Lebensmittelgesch\u00e4ft an der Snackbar.<\/li>\n<li>Animationen f\u00fcr jedermann.<\/li>\n<li>Kinderclub in der Hochsaison.<\/li>\n<li>Es gibt einen Fischteich auf dem Gel\u00e4nde.<\/li>\n<li>Ping-Pong-Tisch, Basketballkorb und ein Fussballfeld f\u00fcr die Sportler.<\/li>\n<li>Petanque-Pl\u00e4tze mit Turnierorganisation.<\/li>\n<li>Gesundheit f\u00fcr Menschen mit eingeschr\u00e4nkter Mobilit\u00e4t<\/li>\n<\/ul>\n<p>[\/vc_column_text][\/vc_column_inner][\/vc_row_inner][vc_column_text el_class=&#8220;center&#8220; css=&#8220;.vc_custom_1635325305554{margin-top: 26px !important;}&#8220;]<\/p>\n<p><img decoding=\"async\" src=\"\/wp-content\/uploads\/2021\/10\/camping-avec-piscine-morbihan.png\" alt=\"Camping avec piscine Morbihan\" \/><\/p>\n<p>[\/vc_column_text][\/vc_column][\/vc_row]<\/p>\n","protected":false},"excerpt":{"rendered":"<p>[vc_row el_class=&#8220;bggrey&#8220; css=&#8220;.vc_custom_1518891948857{padding-top: 0px !important;}&#8220;][vc_column][vc_row_inner equal_height=&#8220;yes&#8220; content_placement=&#8220;middle&#8220; el_class=&#8220;bgwhite wrap&#8220; css=&#8220;.vc_custom_1518892359127{padding-top: [&hellip;]<\/p>\n<a href=\"https:\/\/www.campingdarvor.com\/de\/3-sterne-campingplatz-morbihan\/\">View Post<\/a>","protected":false},"author":1,"featured_media":653,"parent":0,"menu_order":0,"comment_status":"closed","ping_status":"closed","template":"page-templates\/full.php","meta":{"_acf_changed":false,"footnotes":""},"class_list":["post-550","page","type-page","status-publish","has-post-thumbnail","hentry"],"acf":[],"_links":{"self":[{"href":"https:\/\/www.campingdarvor.com\/de\/wp-json\/wp\/v2\/pages\/550"}],"collection":[{"href":"https:\/\/www.campingdarvor.com\/de\/wp-json\/wp\/v2\/pages"}],"about":[{"href":"https:\/\/www.campingdarvor.com\/de\/wp-json\/wp\/v2\/types\/page"}],"author":[{"embeddable":true,"href":"https:\/\/www.campingdarvor.com\/de\/wp-json\/wp\/v2\/users\/1"}],"replies":[{"embeddable":true,"href":"https:\/\/www.campingdarvor.com\/de\/wp-json\/wp\/v2\/comments?post=550"}],"version-history":[{"count":9,"href":"https:\/\/www.campingdarvor.com\/de\/wp-json\/wp\/v2\/pages\/550\/revisions"}],"predecessor-version":[{"id":3013,"href":"https:\/\/www.campingdarvor.com\/de\/wp-json\/wp\/v2\/pages\/550\/revisions\/3013"}],"wp:featuredmedia":[{"embeddable":true,"href":"https:\/\/www.campingdarvor.com\/de\/wp-json\/wp\/v2\/media\/653"}],"wp:attachment":[{"href":"https:\/\/www.campingdarvor.com\/de\/wp-json\/wp\/v2\/media?parent=550"}],"curies":[{"name":"wp","href":"https:\/\/api.w.org\/{rel}","templated":true}]}}