{"id":551,"date":"2018-04-16T12:31:58","date_gmt":"2018-04-16T10:31:58","guid":{"rendered":"https:\/\/www.campingdarvor.com\/camping-morbihan\/"},"modified":"2021-10-27T11:08:43","modified_gmt":"2021-10-27T09:08:43","slug":"camping-morbihan","status":"publish","type":"page","link":"https:\/\/www.campingdarvor.com\/de\/camping-morbihan\/","title":{"rendered":"Camping Morbihan"},"content":{"rendered":"<p>[vc_row el_class=&#8220;bggrey&#8220; css=&#8220;.vc_custom_1521213301335{padding-top: 0px !important;}&#8220; el_id=&#8220;rochefort&#8220;][vc_column][vc_row_inner equal_height=&#8220;yes&#8220; content_placement=&#8220;middle&#8220; el_class=&#8220;bgwhite wrap&#8220; css=&#8220;.vc_custom_1518892359127{padding-top: 15px !important;padding-bottom: 15px !important;}&#8220;][vc_column_inner width=&#8220;1\/2&#8243;][vc_single_image image=&#8220;257&#8243; img_size=&#8220;555&#215;350&#8243; css=&#8220;.vc_custom_1519547569742{margin-bottom: 0px !important;}&#8220;][\/vc_column_inner][vc_column_inner width=&#8220;1\/2&#8243;][vc_column_text el_class=&#8220;title center&#8220;]<\/p>\n<h2>Rochefort-en-Terre<\/h2>\n<p>[\/vc_column_text][vc_column_text el_class=&#8220;border-txt&#8220; css=&#8220;.vc_custom_1519437855422{margin-top: 0px !important;margin-bottom: 0px !important;}&#8220;]Charmante Gassen, Fachwerkh\u00e4user, pr\u00e4chtige Blumen auf den Balkonen, Handwerksgesch\u00e4fte und vieles mehr.<br \/>\nEin Besuch von Rochefort-en-Terre, 2016 zum \u201eLieblingsdorf der Franzosen\u201c gew\u00e4hlt, ist ein Muss im Bretagne-Urlaub. Ob Sommer oder Winter, das kleine Dorf steckt voller \u00dcberraschungen!<br \/>\nRochefort-en-Terre ist 35 km \u00f6stlich von Vannes auf einer felsigen Anh\u00f6he mit Blick auf das Gueuzon-Tal gelegen und vermittelt ein harmonisches Bild trotz der Vielfalt der architektonischen Str\u00f6mungen, die sich hier vereinigen: Fachwerkh\u00e4user, gotischer Stil, Renaissance-Geb\u00e4ude,<br \/>\nklassische Bauwerke, Architektur des 19. Jahrhunderts und mehr. Stein ist hier allgegenw\u00e4rtig und<br \/>\nstellt die Verbindung zwischen den verschiedenen historischen Stilen dar.[\/vc_column_text][\/vc_column_inner][\/vc_row_inner][vc_column_text el_class=&#8220;center&#8220; css=&#8220;.vc_custom_1635325662277{margin-top: 26px !important;}&#8220;]<\/p>\n<p><img decoding=\"async\" src=\"\/wp-content\/uploads\/2021\/10\/camping-avec-piscine-morbihan.png\" alt=\" Camping mit Pool Morbihan\" \/><\/p>\n<p>[\/vc_column_text][\/vc_column][\/vc_row][vc_row css=&#8220;.vc_custom_1521213307275{padding-top: 50px !important;padding-bottom: 50px !important;}&#8220; el_id=&#8220;banfere&#8220;][vc_column][vc_row_inner content_placement=&#8220;middle&#8220; el_class=&#8220;wrap&#8220;][vc_column_inner width=&#8220;1\/2&#8243; el_id=&#8220;content-mer&#8220;][vc_column_text el_class=&#8220;title center&#8220;]<\/p>\n<h2>Parc de Banf\u00e9r\u00e9<\/h2>\n<p>[\/vc_column_text][vc_column_text el_class=&#8220;border-txt&#8220;]Der Parc de Branf\u00e9r\u00e9 ist nur 10 km von Ambon gelegen und der perfekte Ort, um die Wunder der Natur zu entdecken und einen unvergesslichen Tag zu verbringen.<br \/>\nSie k\u00f6nnen im Park mehr als 1000 Tiere aus f\u00fcnf Kontinenten in freier Wildbahn erleben, Vogelschauen besuchen, sich auf den \u00fcber 3000 m\u00b2 gespannten Netzen des sogenannten \u201eParcabouts\u201c vergn\u00fcgen und die Naturshows der Ecole Nicolas Hulot bestaunen.[\/vc_column_text][\/vc_column_inner][vc_column_inner width=&#8220;1\/4&#8243; css=&#8220;.vc_custom_1518715552516{margin-left: 0px !important;padding-left: 0px !important;}&#8220;][vc_column_text css=&#8220;.vc_custom_1524494854757{margin-bottom: 15px !important;}&#8220;]<img decoding=\"async\" src=\"\/wp-content\/uploads\/2018\/02\/location-camping-parc-banfere.jpg\" alt=\"Locartin camping parc Banf\u00e9r\u00e9\" \/>[\/vc_column_text][vc_column_text css=&#8220;.vc_custom_1524494886044{margin-bottom: 0px !important;}&#8220;]<img decoding=\"async\" src=\"\/wp-content\/uploads\/2018\/02\/mobil-home-parc-banfere.jpg\" alt=\"Mobil home parc Banf\u00e9r\u00e9\" \/>[\/vc_column_text][\/vc_column_inner][vc_column_inner width=&#8220;1\/4&#8243; css=&#8220;.vc_custom_1518893205739{padding-left: 0px !important;}&#8220;][vc_column_text css=&#8220;.vc_custom_1524494922261{margin-bottom: 15px !important;}&#8220;]<img decoding=\"async\" src=\"\/wp-content\/uploads\/2018\/02\/camping-parc-banfere.jpg\" alt=\"Camping Parc Banf\u00e9r\u00e9\" \/>[\/vc_column_text][vc_column_text css=&#8220;.vc_custom_1524494961365{margin-bottom: 0px !important;}&#8220;]<img decoding=\"async\" src=\"\/wp-content\/uploads\/2018\/02\/vacances-parc-banfere.jpg\" alt=\"Urlaub Parc Banf\u00e9r\u00e9\" \/>[\/vc_column_text][\/vc_column_inner][\/vc_row_inner][vc_column_text el_class=&#8220;center&#8220; css=&#8220;.vc_custom_1635325670543{margin-top: 50px !important;margin-bottom: -15px !important;}&#8220;]<\/p>\n<p><img decoding=\"async\" src=\"\/wp-content\/uploads\/2021\/10\/camping-avec-piscine-morbihan.png\" alt=\" Camping am Meer Morbihan\" \/><\/p>\n<p>[\/vc_column_text][\/vc_column][\/vc_row][vc_row el_class=&#8220;bggrey&#8220; css=&#8220;.vc_custom_1521213313030{padding-top: 0px !important;}&#8220; el_id=&#8220;vannes&#8220;][vc_column][vc_row_inner equal_height=&#8220;yes&#8220; content_placement=&#8220;middle&#8220; el_class=&#8220;bgwhite wrap&#8220; css=&#8220;.vc_custom_1518892359127{padding-top: 15px !important;padding-bottom: 15px !important;}&#8220;][vc_column_inner width=&#8220;1\/2&#8243;][vc_single_image image=&#8220;255&#8243; img_size=&#8220;555&#215;350&#8243; css=&#8220;.vc_custom_1519547607573{margin-bottom: 0px !important;}&#8220;][\/vc_column_inner][vc_column_inner width=&#8220;1\/2&#8243;][vc_column_text el_class=&#8220;title center&#8220;]<\/p>\n<h2>Vannes<\/h2>\n<p>[\/vc_column_text][vc_column_text el_class=&#8220;border-txt&#8220; css=&#8220;.vc_custom_1519437966765{margin-top: 0px !important;margin-bottom: 0px !important;}&#8220;]Vannes, Heimat der Veneter, ist ein Ort reich an kulturellem Erbe mit einer \u00fcber 2000 Jahre alten Geschichte. Die bunten Fachwerkh\u00e4user der historischen Altstadt, die die Kathedrale ums\u00e4umen, werden Sie bei Ihrem Besuch verzaubern, ebenso das Viertel Saint Patern, die G\u00e4rten an der Stadtmauer, die alten Waschh\u00e4user oder das Tor Saint Vincent. Zahlreiche Terrassen am Hafen laden zur Entspannung ein und bieten einen gro\u00dfartigen Blick auf die Promenade de la Rabine .[\/vc_column_text][\/vc_column_inner][\/vc_row_inner][vc_column_text el_class=&#8220;center&#8220; css=&#8220;.vc_custom_1635325678491{margin-top: 26px !important;}&#8220;]<\/p>\n<p><img decoding=\"async\" src=\"\/wp-content\/uploads\/2021\/10\/camping-avec-piscine-morbihan.png\" alt=\" Camping mit Pool Morbihan\" \/><\/p>\n<p>[\/vc_column_text][\/vc_column][\/vc_row][vc_row css=&#8220;.vc_custom_1521213320105{padding-top: 50px !important;padding-bottom: 50px !important;}&#8220; el_id=&#8220;suscinio&#8220;][vc_column][vc_row_inner content_placement=&#8220;middle&#8220; el_class=&#8220;wrap&#8220;][vc_column_inner width=&#8220;1\/2&#8243;][vc_column_text el_class=&#8220;title center&#8220;]<\/p>\n<h2>Ch\u00e2teau de Suscinio<\/h2>\n<p>[\/vc_column_text][vc_column_text el_class=&#8220;border-txt&#8220;]Die majest\u00e4tische Wasserburg auf der Halbinsel von Rhuys, in den 70er Jahren umfangreich restauriert, war der Lieblings-Aufenthaltsort der bretonischen Herz\u00f6ge. Das ganze Jahr \u00fcber finden zahlreiche Veranstaltungen auf der Schlossdom\u00e4ne statt. Gestalten Sie Ihren Besuch ganz individuell &#8211; allein, mit Audioguide oder einem F\u00fchrer.[\/vc_column_text][\/vc_column_inner][vc_column_inner width=&#8220;1\/4&#8243; css=&#8220;.vc_custom_1518715552516{margin-left: 0px !important;padding-left: 0px !important;}&#8220;][vc_empty_space height=&#8220;13px&#8220;][vc_column_text css=&#8220;.vc_custom_1524495054574{margin-bottom: 15px !important;}&#8220;]<img decoding=\"async\" src=\"\/wp-content\/uploads\/2018\/02\/mobil-home-chateau-suscinio.jpg\" alt=\" Mobilheim Schloss Suscinio\" \/>[\/vc_column_text][\/vc_column_inner][vc_column_inner width=&#8220;1\/4&#8243; css=&#8220;.vc_custom_1518893205739{padding-left: 0px !important;}&#8220;][vc_column_text css=&#8220;.vc_custom_1524495081845{margin-bottom: 15px !important;}&#8220;]<img decoding=\"async\" src=\"\/wp-content\/uploads\/2018\/02\/location-camping-chateau-suscinio.jpg\" alt=\"Mobilheim Schloss Suscinio\" \/>[\/vc_column_text][vc_column_text css=&#8220;.vc_custom_1524495110438{margin-bottom: 0px !important;}&#8220;]<img decoding=\"async\" src=\"\/wp-content\/uploads\/2018\/02\/camping-chateau-suscinio.jpg\" alt=\" Camping Schloss Suscinio\" \/>[\/vc_column_text][\/vc_column_inner][\/vc_row_inner][vc_column_text el_class=&#8220;center&#8220; css=&#8220;.vc_custom_1635325686783{margin-top: 50px !important;margin-bottom: -15px !important;}&#8220;]<\/p>\n<p><img decoding=\"async\" src=\"\/wp-content\/uploads\/2021\/10\/camping-avec-piscine-morbihan.png\" alt=\" Camping am Meer Morbihan\" \/><\/p>\n<p>[\/vc_column_text][\/vc_column][\/vc_row][vc_row el_class=&#8220;bggrey&#8220; css=&#8220;.vc_custom_1521213326050{padding-top: 0px !important;}&#8220; el_id=&#8220;auray&#8220;][vc_column][vc_row_inner equal_height=&#8220;yes&#8220; content_placement=&#8220;middle&#8220; el_class=&#8220;bgwhite wrap&#8220; css=&#8220;.vc_custom_1518892359127{padding-top: 15px !important;padding-bottom: 15px !important;}&#8220;][vc_column_inner width=&#8220;1\/2&#8243;][vc_single_image image=&#8220;256&#8243; img_size=&#8220;555&#215;350&#8243; css=&#8220;.vc_custom_1519547659164{margin-bottom: 0px !important;}&#8220;][\/vc_column_inner][vc_column_inner width=&#8220;1\/2&#8243;][vc_column_text el_class=&#8220;title center&#8220;]<\/p>\n<h2>Auray<\/h2>\n<p>[\/vc_column_text][vc_column_text el_class=&#8220;border-txt&#8220; css=&#8220;.vc_custom_1519437990947{margin-top: 0px !important;margin-bottom: 0px !important;}&#8220;]Auf halber Strecke zwischen Vannes und Lorient gelegen, l\u00e4dt das kleine mittelalterliche Dorf Auray zu einem Abstecher ein. Der Hafen von Saint Goustan, im 17. Jahrhundert ein bedeutsamer maritimer Dreh-und Angelpunkt, ist heute ein touristischer Anziehungspunkt, an dem sich auch viele K\u00fcnstler niedergelassen haben. Nicht weit entfernt finden Sie den Wallfahrtsort Sainte Anne d\u2018Auray.[\/vc_column_text][\/vc_column_inner][\/vc_row_inner][vc_column_text el_class=&#8220;center&#8220; css=&#8220;.vc_custom_1635325694955{margin-top: 26px !important;}&#8220;]<\/p>\n<p><img decoding=\"async\" src=\"\/wp-content\/uploads\/2021\/10\/camping-avec-piscine-morbihan.png\" alt=\" Camping am Meer Morbihan\" \/><\/p>\n<p>[\/vc_column_text][\/vc_column][\/vc_row][vc_row css=&#8220;.vc_custom_1521213334092{padding-top: 50px !important;padding-bottom: 50px !important;}&#8220; el_class=&#8220;morbihan&#8220;][vc_column][vc_row_inner content_placement=&#8220;middle&#8220; el_class=&#8220;wrap&#8220;][vc_column_inner width=&#8220;1\/2&#8243;][vc_column_text el_class=&#8220;title center&#8220;]<\/p>\n<h2>Golf von Morbihan<\/h2>\n<p>[\/vc_column_text][vc_column_text el_class=&#8220;border-txt&#8220;]Ganz in der N\u00e4he des Campingplatzes lockt dieser Ort j\u00e4hrlich tausende von Besuchern in den Morbihan. Der Golf von Morbihan geh\u00f6rt zu den sch\u00f6nsten Buchten der Welt und seine unz\u00e4hligen Inseln verzaubern mit ihrer malerischen Landschaft, die Sie vom Boot aus oder auf K\u00fcstenpfaden erkunden k\u00f6nnen. Zahlreiche Reedereien erm\u00f6glichen es Ihnen, den Golf bei einer gef\u00fchrten Rundfahrt, optionaler Zwischenstopp auf den Inseln \u00cele-aux-Moines oder der \u00cele d\u2019Arz,<br \/>\nzu entdecken.[\/vc_column_text][\/vc_column_inner][vc_column_inner width=&#8220;1\/4&#8243; css=&#8220;.vc_custom_1518715552516{margin-left: 0px !important;padding-left: 0px !important;}&#8220;][vc_empty_space height=&#8220;13px&#8220;][vc_column_text css=&#8220;.vc_custom_1524495190805{margin-bottom: 15px !important;}&#8220;]<img decoding=\"async\" src=\"\/wp-content\/uploads\/2018\/02\/camping-golf-du-morbihan.jpg\" alt=\" Camping Golf Morbihan\" \/>[\/vc_column_text][\/vc_column_inner][vc_column_inner width=&#8220;1\/4&#8243; css=&#8220;.vc_custom_1518893205739{padding-left: 0px !important;}&#8220;][vc_column_text css=&#8220;.vc_custom_1524495216309{margin-bottom: 15px !important;}&#8220;]<img decoding=\"async\" src=\"\/wp-content\/uploads\/2018\/02\/mobil-home-golf-du-morbihan.jpg\" alt=\" Mobilheim Golf Morbihan\" \/>[\/vc_column_text][vc_column_text css=&#8220;.vc_custom_1524495249733{margin-bottom: 0px !important;}&#8220;]<img decoding=\"async\" src=\"\/wp-content\/uploads\/2018\/02\/location-camping-golf-du-morbihan.jpg\" alt=\"Vermietung Campingplatz Golf du Morbihan\" \/>[\/vc_column_text][\/vc_column_inner][\/vc_row_inner][vc_column_text el_class=&#8220;center&#8220; css=&#8220;.vc_custom_1635325704603{margin-top: 26px !important;}&#8220;]<\/p>\n<p><img decoding=\"async\" src=\"\/wp-content\/uploads\/2021\/10\/camping-avec-piscine-morbihan.png\" alt=\"Camping avec piscine Morbihan\" \/><\/p>\n<p>[\/vc_column_text][\/vc_column][\/vc_row][vc_row el_class=&#8220;bggrey&#8220; css=&#8220;.vc_custom_1521214408374{padding-top: 0px !important;}&#8220; el_id=&#8220;guerande&#8220;][vc_column][vc_row_inner equal_height=&#8220;yes&#8220; content_placement=&#8220;middle&#8220; el_class=&#8220;bgwhite wrap&#8220; css=&#8220;.vc_custom_1518892359127{padding-top: 15px !important;padding-bottom: 15px !important;}&#8220;][vc_column_inner width=&#8220;1\/2&#8243;][vc_single_image image=&#8220;388&#8243; img_size=&#8220;555&#215;350&#8243; css=&#8220;.vc_custom_1521214384236{margin-bottom: 0px !important;}&#8220;][\/vc_column_inner][vc_column_inner width=&#8220;1\/2&#8243;][vc_column_text el_class=&#8220;title center&#8220;]<\/p>\n<h2>Gu\u00e9rande<\/h2>\n<p>[\/vc_column_text][vc_column_text el_class=&#8220;border-txt&#8220; css=&#8220;.vc_custom_1521214295571{margin-top: 0px !important;margin-bottom: 0px !important;}&#8220;]Gu\u00e9rande, offiziell ausgezeichnet als Stadt der Kunst und Geschichte, thront auf einem H\u00fcgel zwischen den M\u00fcndungen der Vilaine und der Loire und befindet sich in der N\u00e4he des Naturparks La Bri\u00e8re. Die mittelalterlichen Stadtmauern und die \u201eF\u00eate m\u00e9dievale\u201c, ein Mittelalter-Fest, ziehen jedes Jahr Besucher aus zahlreichen L\u00e4ndern an. Die Salzg\u00e4rten, Landschaftsschutzgebiet seit 1996, sind ein Muss f\u00fcr jeden Bretagne-Urlauber. Es werden unterschiedliche Touren organisiert, sodass f\u00fcr jeden Besucher etwas dabei ist.[\/vc_column_text][\/vc_column_inner][\/vc_row_inner][\/vc_column][\/vc_row]<\/p>\n","protected":false},"excerpt":{"rendered":"<p>[vc_row el_class=&#8220;bggrey&#8220; css=&#8220;.vc_custom_1521213301335{padding-top: 0px !important;}&#8220; el_id=&#8220;rochefort&#8220;][vc_column][vc_row_inner equal_height=&#8220;yes&#8220; content_placement=&#8220;middle&#8220; el_class=&#8220;bgwhite wrap&#8220; [&hellip;]<\/p>\n<a href=\"https:\/\/www.campingdarvor.com\/de\/camping-morbihan\/\">View Post<\/a>","protected":false},"author":1,"featured_media":590,"parent":0,"menu_order":0,"comment_status":"closed","ping_status":"closed","template":"page-templates\/full.php","meta":{"_acf_changed":false,"footnotes":""},"class_list":["post-551","page","type-page","status-publish","has-post-thumbnail","hentry"],"acf":[],"_links":{"self":[{"href":"https:\/\/www.campingdarvor.com\/de\/wp-json\/wp\/v2\/pages\/551"}],"collection":[{"href":"https:\/\/www.campingdarvor.com\/de\/wp-json\/wp\/v2\/pages"}],"about":[{"href":"https:\/\/www.campingdarvor.com\/de\/wp-json\/wp\/v2\/types\/page"}],"author":[{"embeddable":true,"href":"https:\/\/www.campingdarvor.com\/de\/wp-json\/wp\/v2\/users\/1"}],"replies":[{"embeddable":true,"href":"https:\/\/www.campingdarvor.com\/de\/wp-json\/wp\/v2\/comments?post=551"}],"version-history":[{"count":4,"href":"https:\/\/www.campingdarvor.com\/de\/wp-json\/wp\/v2\/pages\/551\/revisions"}],"predecessor-version":[{"id":2144,"href":"https:\/\/www.campingdarvor.com\/de\/wp-json\/wp\/v2\/pages\/551\/revisions\/2144"}],"wp:featuredmedia":[{"embeddable":true,"href":"https:\/\/www.campingdarvor.com\/de\/wp-json\/wp\/v2\/media\/590"}],"wp:attachment":[{"href":"https:\/\/www.campingdarvor.com\/de\/wp-json\/wp\/v2\/media?parent=551"}],"curies":[{"name":"wp","href":"https:\/\/api.w.org\/{rel}","templated":true}]}}