{"id":555,"date":"2018-04-16T12:32:31","date_gmt":"2018-04-16T10:32:31","guid":{"rendered":"https:\/\/www.campingdarvor.com\/campingplatz-morbihan-mit-pool\/"},"modified":"2025-07-04T14:58:59","modified_gmt":"2025-07-04T12:58:59","slug":"campingplatz-morbihan-mit-pool","status":"publish","type":"page","link":"https:\/\/www.campingdarvor.com\/de\/campingplatz-morbihan-mit-pool\/","title":{"rendered":"Campingplatz Morbihan mit Pool"},"content":{"rendered":"<p>[vc_row el_class=&#8220;bggrey&#8220; css=&#8220;.vc_custom_1603795023005{padding-top: 0px !important;padding-bottom: 30px !important;}&#8220;][vc_column][vc_row_inner el_class=&#8220;wrap row960&#8243;][vc_column_inner][vc_column_text el_class=&#8220;center&#8220; css=&#8220;.vc_custom_1665046203177{margin-bottom: 15px !important;}&#8220;]<\/p>\n<p>Camping d&#8217;Arvor verf\u00fcgt \u00fcber ein beheiztes Hallenbad mit Sprudelbereich und ein Kinderbecken sowie ein unbeheiztes Freibad mit Rutsche und Pentagliss.<\/p>\n<p>Zugang zu Schwimmb\u00e4dern f\u00fcr Besucher und Personen au\u00dferhalb des Campingplatzes nicht erlaubt<br \/>\n[\/vc_column_text][\/vc_column_inner][\/vc_row_inner][vc_row_inner equal_height=&#8220;yes&#8220; content_placement=&#8220;middle&#8220; el_class=&#8220;bgwhite wrap&#8220; css=&#8220;.vc_custom_1518892359127{padding-top: 15px !important;padding-bottom: 15px !important;}&#8220;][vc_column_inner width=&#8220;1\/2&#8243;][vc_gallery type=&#8220;flexslider_slide&#8220; interval=&#8220;3&#8243; images=&#8220;1392,205,206,207&#8243; img_size=&#8220;full&#8220;][\/vc_column_inner][vc_column_inner width=&#8220;1\/2&#8243;][vc_column_text el_class=&#8220;border-txt&#8220; css=&#8220;.vc_custom_1751633936442{margin-top: 0px !important;margin-bottom: 0px !important;}&#8220;]<\/p>\n<h2>Beheiztes und \u00fcberdachtes Schwimmbad in Morbihan<\/h2>\n<p>Kommen Sie und entspannen Sie sich und schwimmen Sie von April bis Ende September im beheizten Wasser, entspannen Sie sich im Sprudelbereich und lassen Sie sich von den Blasen massieren. Der gro\u00dfe \u00fcberdachte Pool bietet eine Tiefe von 80 cm bis 1,70 m, so dass auch weniger Erfahrene das Wasser genie\u00dfen k\u00f6nnen.<br \/>Das Schwimmbad ist von einem Strand mit Liegest\u00fchlen und chilenischen St\u00fchlen umgeben, um sich zu sonnen und den Kindern beim Spielen im Wasser zuzuschauen.<br \/>Das Planschbecken erm\u00f6glicht es auch den Kleinen, sich im Wasser zu vergn\u00fcgen, indem sie auf der kleinen Rutsche spielen und sich unter dem Pilz tr\u00e4nken !<\/p>\n<p>Offen vom 05\/04\/25 bis zum 30\/09\/25<\/p>\n<p>Poolstunden : 10 bis 19 Uhr<\/p>\n<p>Der Zugang zu den Schwimmb\u00e4dern ist f\u00fcr alle Urlauber des Camping d&#8217;Arvor kostenlos. Unbeaufsichtigtes Baden.Badeshorts sind verboten.<\/p>\n<p>[\/vc_column_text][\/vc_column_inner][\/vc_row_inner][vc_row_inner equal_height=&#8220;yes&#8220; content_placement=&#8220;middle&#8220; el_class=&#8220;bgwhite wrap&#8220; css=&#8220;.vc_custom_1518892359127{padding-top: 15px !important;padding-bottom: 15px !important;}&#8220;][vc_column_inner width=&#8220;1\/2&#8243;][vc_column_text el_class=&#8220;border-txt&#8220; css=&#8220;.vc_custom_1683099384354{margin-top: 0px !important;margin-bottom: 0px !important;}&#8220;]<\/p>\n<h2>Neuheit Lagune auf dem Campingplatz d&#8217;Avor<\/h2>\n<p>Entdecken Sie die neue Lagune auf unserem Campingplatz im Departement Morbihan! Unser Campingplatz liegt inmitten einer traumhaften Badelandschaft und bietet Ihnen ein wahres Paradies f\u00fcr Badefreunde. Mit ihrem kristallklaren Wasser, dem Wasserfall und den exotischen Palmen ist unsere Lagune eine wahre Oase der Ruhe f\u00fcr die ganze Familie.<\/p>\n<p>[\/vc_column_text][\/vc_column_inner][vc_column_inner width=&#8220;1\/2&#8243;][vc_gallery type=&#8220;flexslider_slide&#8220; interval=&#8220;3&#8243; images=&#8220;2662,2659&#8243; img_size=&#8220;full&#8220;][\/vc_column_inner][\/vc_row_inner][\/vc_column][\/vc_row][vc_row][vc_column][vc_column_text]<\/p>\n<p>[\/vc_column_text][\/vc_column][\/vc_row][vc_row css=&#8220;.vc_custom_1603797369292{padding-top: 0px !important;}&#8220; el_id=&#8220;toboggans&#8220;][vc_column][vc_row_inner equal_height=&#8220;yes&#8220; content_placement=&#8220;middle&#8220; el_class=&#8220;bgwhite wrap&#8220; css=&#8220;.vc_custom_1518892359127{padding-top: 15px !important;padding-bottom: 15px !important;}&#8220;][vc_column_inner width=&#8220;1\/2&#8243;][vc_column_text el_class=&#8220;border-txt&#8220; css=&#8220;.vc_custom_1665046130778{margin-top: 0px !important;margin-bottom: 0px !important;}&#8220;]<\/p>\n<h2>Wasserfl\u00e4che mit Dias Morbihan<\/h2>\n<p>Unser 3-Sterne-Campingplatz in der s\u00fcdlichen Bretagne verf\u00fcgt \u00fcber ein Hallenbad und Wasserrutschen, die Jung und Alt gleicherma\u00dfen erfreuen.<br \/>\nSteigen Sie bis zum oberen Ende der Treppe und w\u00e4hlen Sie, wie Sie wieder nach unten gelangen wollen: W\u00e4hlen Sie entweder<br \/>\neine der beiden Pantaglide-Bahnen, entweder f\u00fcr die Loop-Rutsche und beenden Sie Ihre Rutschpartie im erfrischenden Wasser des Pools.<\/p>\n<p>Das Becken mit den Rutschen ist nicht beheizt und wird je nach Wetterlage ge\u00f6ffnet<\/p>\n<p>.<br \/>\n[\/vc_column_text][\/vc_column_inner][vc_column_inner width=&#8220;1\/2&#8243;][vc_single_image image=&#8220;1389&#8243; img_size=&#8220;555&#215;350&#8243; css=&#8220;.vc_custom_1569934804703{margin-bottom: 0px !important;}&#8220;][\/vc_column_inner][\/vc_row_inner][vc_column_text el_class=&#8220;center&#8220; css=&#8220;.vc_custom_1635324467345{margin-top: 26px !important;}&#8220;]<\/p>\n<p><img decoding=\"async\" src=\"\/wp-content\/uploads\/2021\/10\/camping-avec-piscine-morbihan.png\" alt=\"Camping avec piscine Morbihan\" \/><\/p>\n<p>[\/vc_column_text][\/vc_column][\/vc_row][vc_row css=&#8220;.vc_custom_1603795085213{padding-top: 50px !important;padding-bottom: 50px !important;}&#8220; el_class=&#8220;bggrey&#8220;][vc_column][vc_row_inner content_placement=&#8220;middle&#8220; el_class=&#8220;wrap&#8220;][vc_column_inner width=&#8220;1\/4&#8243; css=&#8220;.vc_custom_1518715552516{margin-left: 0px !important;padding-left: 0px !important;}&#8220;][vc_empty_space height=&#8220;15px&#8220;][vc_column_text css=&#8220;.vc_custom_1519527974091{margin-bottom: 15px !important;}&#8220;]<img decoding=\"async\" src=\"\/wp-content\/uploads\/2018\/02\/camping-morbihan-toboggans-pour-enfants.jpg\" alt=\"Camping Morbihan toboggans pour enfants\" \/>[\/vc_column_text][\/vc_column_inner][vc_column_inner width=&#8220;1\/4&#8243; css=&#8220;.vc_custom_1518893205739{padding-left: 0px !important;}&#8220;][vc_column_text css=&#8220;.vc_custom_1519526934762{margin-bottom: 15px !important;}&#8220;]<img decoding=\"async\" src=\"http:\/\/www.campingdarvor.com\/wp-content\/uploads\/2018\/02\/toboggans-et-piscine-en-camping-morbihan.jpg\" alt=\"Toboggans et piscine en camping Morbihan\" \/>[\/vc_column_text][vc_column_text css=&#8220;.vc_custom_1518893150142{margin-bottom: 0px !important;}&#8220;]<img decoding=\"async\" src=\"\/wp-content\/uploads\/2018\/02\/camping-bord-de-mer-morbihan.jpg\" alt=\"Camping bord de mer Morbihan\" \/>[\/vc_column_text][\/vc_column_inner][vc_column_inner width=&#8220;1\/2&#8243; el_id=&#8220;content-mer&#8220;][vc_column_text el_class=&#8220;border-txt&#8220;]<\/p>\n<p>Fahren Sie mit Ihren Kumpels um die Wette, tauchen Sie so schnell Sie k\u00f6nnen, tauchen Sie den Kopf unter Wasser und starten Sie so oft Sie wollen. Lustige Spiele mit Lachen und guter Laune auf dem Campingplatz Arvor in Morbihan. Der Zugang zu den Rutschen ist an sonnigen Tagen m\u00f6glich und ist f\u00fcr Urlauber auf dem Campingplatz Arvor kostenlos. Kinder unterstehen der Verantwortung ihrer Eltern. Kommen Sie und genie\u00dfen Sie unsere Wasserfl\u00e4che und verbringen Sie angenehme Momente auf unserem Campingplatz in Morbihan.<\/p>\n<p>[\/vc_column_text][\/vc_column_inner][\/vc_row_inner][\/vc_column][\/vc_row]<\/p>\n","protected":false},"excerpt":{"rendered":"<p>[vc_row el_class=&#8220;bggrey&#8220; css=&#8220;.vc_custom_1603795023005{padding-top: 0px !important;padding-bottom: 30px !important;}&#8220;][vc_column][vc_row_inner el_class=&#8220;wrap row960&#8243;][vc_column_inner][vc_column_text el_class=&#8220;center&#8220; [&hellip;]<\/p>\n<a href=\"https:\/\/www.campingdarvor.com\/de\/campingplatz-morbihan-mit-pool\/\">View Post<\/a>","protected":false},"author":1,"featured_media":598,"parent":0,"menu_order":0,"comment_status":"closed","ping_status":"closed","template":"page-templates\/full.php","meta":{"_acf_changed":false,"footnotes":""},"class_list":["post-555","page","type-page","status-publish","has-post-thumbnail","hentry"],"acf":[],"_links":{"self":[{"href":"https:\/\/www.campingdarvor.com\/de\/wp-json\/wp\/v2\/pages\/555"}],"collection":[{"href":"https:\/\/www.campingdarvor.com\/de\/wp-json\/wp\/v2\/pages"}],"about":[{"href":"https:\/\/www.campingdarvor.com\/de\/wp-json\/wp\/v2\/types\/page"}],"author":[{"embeddable":true,"href":"https:\/\/www.campingdarvor.com\/de\/wp-json\/wp\/v2\/users\/1"}],"replies":[{"embeddable":true,"href":"https:\/\/www.campingdarvor.com\/de\/wp-json\/wp\/v2\/comments?post=555"}],"version-history":[{"count":14,"href":"https:\/\/www.campingdarvor.com\/de\/wp-json\/wp\/v2\/pages\/555\/revisions"}],"predecessor-version":[{"id":3165,"href":"https:\/\/www.campingdarvor.com\/de\/wp-json\/wp\/v2\/pages\/555\/revisions\/3165"}],"wp:featuredmedia":[{"embeddable":true,"href":"https:\/\/www.campingdarvor.com\/de\/wp-json\/wp\/v2\/media\/598"}],"wp:attachment":[{"href":"https:\/\/www.campingdarvor.com\/de\/wp-json\/wp\/v2\/media?parent=555"}],"curies":[{"name":"wp","href":"https:\/\/api.w.org\/{rel}","templated":true}]}}