{"id":556,"date":"2018-04-16T12:32:39","date_gmt":"2018-04-16T10:32:39","guid":{"rendered":"https:\/\/www.campingdarvor.com\/campingplatz-am-meer-morbihan\/"},"modified":"2021-10-27T10:51:20","modified_gmt":"2021-10-27T08:51:20","slug":"campingplatz-am-meer-morbihan","status":"publish","type":"page","link":"https:\/\/www.campingdarvor.com\/de\/campingplatz-am-meer-morbihan\/","title":{"rendered":"Campingplatz am Meer Morbihan"},"content":{"rendered":"<p>[vc_row el_class=&#8220;bggrey&#8220; css=&#8220;.vc_custom_1518891948857{padding-top: 0px !important;}&#8220;][vc_column][vc_row_inner el_class=&#8220;wrap row960&#8243;][vc_column_inner][vc_column_text el_class=&#8220;center&#8220; css=&#8220;.vc_custom_1603978175442{margin-bottom: 15px !important;}&#8220;]<\/p>\n<p>Der Campingplatz d&#8217;Arvor in Ambon im Morbihan ist ideal gelegen, damit Sie die Freuden des Wassers in all seinen Formen genie\u00dfen k\u00f6nnen.<\/p>\n<p>[\/vc_column_text][\/vc_column_inner][\/vc_row_inner][vc_row_inner equal_height=&#8220;yes&#8220; content_placement=&#8220;middle&#8220; el_class=&#8220;bgwhite wrap&#8220; css=&#8220;.vc_custom_1518892359127{padding-top: 15px !important;padding-bottom: 15px !important;}&#8220;][vc_column_inner width=&#8220;1\/2&#8243;][vc_single_image image=&#8220;242&#8243; img_size=&#8220;555&#215;350&#8243; css=&#8220;.vc_custom_1519535018614{margin-bottom: 0px !important;}&#8220;][\/vc_column_inner][vc_column_inner width=&#8220;1\/2&#8243;][vc_column_text el_class=&#8220;border-txt&#8220; css=&#8220;.vc_custom_1603978249065{margin-top: 0px !important;margin-bottom: 0px !important;}&#8220;]<\/p>\n<p>Um w\u00e4hrend Ihres Aufenthalts einen ruhigen und erholsamen Tag zu verbringen, nutzen Sie die ideale Lage unseres Campingplatzes, um im Atlantik zu schwimmen.<\/p>\n<p>Ungef\u00e4hr 10 Autominuten vom Campingplatz entfernt k\u00f6nnen Sie zahlreiche Str\u00e4nde entdecken, darunter den Strand von Treherv\u00e9, den Strand von Kervoyal oder den Strand von Damgan. Letzteres bietet Ihnen die M\u00f6glichkeit, Paddelbojen herzustellen. Wenn Sie noch ein paar Kilometer weiter fahren m\u00f6chten, bietet der Morbihan eine Vielzahl von Str\u00e4nden, von denen einer sch\u00f6ner ist als der andere. Mit Strecken aus feinem Sand haben sie den ganzen Sommer \u00fcber eine ideale Temperatur.<\/p>\n<p>Der Strand La Mine d&#8217;Or in P\u00e9nestin mit seinen ockergelben Klippen und seiner reichen historischen Vergangenheit bietet Ihnen wunderbare Momente. Bei Sonnenuntergang werden Sie die glitzernden Klippen bewundern, die Ihnen ein unvergessliches Schauspiel bieten.<\/p>\n<p>Der Strand von Conleau ist 28 km lang und bietet Ihnen die M\u00f6glichkeit, sich von seiner untypischen Seite zu betrachten.  An diesem kleinen \u00fcberwachten Strand k\u00f6nnen Sie in aller Ruhe baden. Die Wassertiefe ist begrenzt, was es zu einem Meerwasserschwimmbecken macht.<\/p>\n<p>[\/vc_column_text][\/vc_column_inner][\/vc_row_inner][vc_column_text el_class=&#8220;center&#8220; css=&#8220;.vc_custom_1635324643822{margin-top: 26px !important;}&#8220;]<\/p>\n<p><img decoding=\"async\" src=\"\/wp-content\/uploads\/2021\/10\/camping-avec-piscine-morbihan.png\" alt=\"Camping avec piscine Morbihan\" \/><\/p>\n<p>[\/vc_column_text][\/vc_column][\/vc_row][vc_row css=&#8220;.vc_custom_1518892571731{padding-top: 50px !important;padding-bottom: 50px !important;}&#8220;][vc_column][vc_row_inner content_placement=&#8220;middle&#8220; el_class=&#8220;wrap&#8220;][vc_column_inner width=&#8220;1\/2&#8243; el_id=&#8220;content-mer&#8220;][vc_column_text el_class=&#8220;border-txt&#8220;]<\/p>\n<p>Kommen Sie noch in der N\u00e4he des Campingplatzes, weit weg von diesem Trubel, meditieren Sie in der N\u00e4he des Teiches, gehen Sie um den Teich herum, entlang des Baches Loc, der sich mit dem Fluss P\u00e9nerf vereinigt, um in den Atlantik zu m\u00fcnden. Bewundern Sie die V\u00f6gel der S\u00fcmpfe, die Watv\u00f6gel, die Enten und die Kaninchen, die sich dort verstecken! Sie k\u00f6nnen aber auch die kleinen, von Felsen gesch\u00fctzten B\u00e4che entdecken, den hier sehr beliebten Fischfang zu Fu\u00df praktizieren, die ber\u00fchmten Austern der Gegend kosten, auf See fischen gehen, die Inseln des Golfs besuchen, all dies ist vom Camping d&#8217;Arvor aus m\u00f6glich! Nicht zu vergessen die Ufer des Flusses Vilaine mit dem herrlichen Arzal-Staudamm und seinen vielen Booten 19 km vom Camping d&#8217;Arvor entfernt.<\/p>\n<p>[\/vc_column_text][\/vc_column_inner][vc_column_inner width=&#8220;1\/4&#8243; css=&#8220;.vc_custom_1518715552516{margin-left: 0px !important;padding-left: 0px !important;}&#8220;][vc_column_text css=&#8220;.vc_custom_1603968055507{margin-bottom: 15px !important;}&#8220;]<\/p>\n<p><img decoding=\"async\" src=\"\/wp-content\/uploads\/2020\/10\/vue-marais-camping.jpg\" alt=\"Mobil home bord mer Morbihan\" \/><\/p>\n<p>[\/vc_column_text][vc_column_text css=&#8220;.vc_custom_1519535537666{margin-bottom: 15px !important;}&#8220;]<img decoding=\"async\" src=\"\/wp-content\/uploads\/2018\/02\/camping-parc-bord-mer-ambon-300x191.jpg\" alt=\"Camping parc bord mer Ambon\" \/>[\/vc_column_text][\/vc_column_inner][vc_column_inner width=&#8220;1\/4&#8243; css=&#8220;.vc_custom_1518893205739{padding-left: 0px !important;}&#8220;][vc_column_text css=&#8220;.vc_custom_1603968167986{margin-bottom: 15px !important;}&#8220;]<\/p>\n<p><img decoding=\"async\" src=\"\/wp-content\/uploads\/2020\/10\/marais-camping.jpg\" alt=\"Camping 4 \u00e9toiles Bord de mer\" \/><\/p>\n<p>[\/vc_column_text][vc_column_text css=&#8220;.vc_custom_1603968073762{margin-bottom: 15px !important;}&#8220;]<\/p>\n<p><img decoding=\"async\" src=\"\/wp-content\/uploads\/2020\/10\/camping-avec-marais.jpg\" alt=\"P\u00eache et camping Morbihan\" \/><\/p>\n<p>[\/vc_column_text][vc_column_text el_id=&#8220;borddemer-title&#8220;]<\/p>\n<p>O<br \/>c<br \/>\u00e9<br \/>a<br \/>n<\/p>\n<p><img decoding=\"async\" src=\"\/wp-content\/uploads\/2021\/10\/camping-bord-de-mer-morbihan.png\" alt=\"camping bord de mer Morbihan\" \/><\/p>\n<p>[\/vc_column_text][\/vc_column_inner][\/vc_row_inner][vc_column_text el_class=&#8220;center&#8220; css=&#8220;.vc_custom_1635324651849{margin-top: 50px !important;margin-bottom: -15px !important;}&#8220;]<\/p>\n<p><img decoding=\"async\" src=\"\/wp-content\/uploads\/2021\/10\/camping-avec-piscine-morbihan.png\" alt=\"Camping bord de mer Morbihan\" \/><\/p>\n<p>[\/vc_column_text][\/vc_column][\/vc_row]<\/p>\n","protected":false},"excerpt":{"rendered":"<p>[vc_row el_class=&#8220;bggrey&#8220; css=&#8220;.vc_custom_1518891948857{padding-top: 0px !important;}&#8220;][vc_column][vc_row_inner el_class=&#8220;wrap row960&#8243;][vc_column_inner][vc_column_text el_class=&#8220;center&#8220; css=&#8220;.vc_custom_1603978175442{margin-bottom: 15px [&hellip;]<\/p>\n<a href=\"https:\/\/www.campingdarvor.com\/de\/campingplatz-am-meer-morbihan\/\">View Post<\/a>","protected":false},"author":1,"featured_media":592,"parent":0,"menu_order":0,"comment_status":"closed","ping_status":"closed","template":"page-templates\/full.php","meta":{"_acf_changed":false,"footnotes":""},"class_list":["post-556","page","type-page","status-publish","has-post-thumbnail","hentry"],"acf":[],"_links":{"self":[{"href":"https:\/\/www.campingdarvor.com\/de\/wp-json\/wp\/v2\/pages\/556"}],"collection":[{"href":"https:\/\/www.campingdarvor.com\/de\/wp-json\/wp\/v2\/pages"}],"about":[{"href":"https:\/\/www.campingdarvor.com\/de\/wp-json\/wp\/v2\/types\/page"}],"author":[{"embeddable":true,"href":"https:\/\/www.campingdarvor.com\/de\/wp-json\/wp\/v2\/users\/1"}],"replies":[{"embeddable":true,"href":"https:\/\/www.campingdarvor.com\/de\/wp-json\/wp\/v2\/comments?post=556"}],"version-history":[{"count":8,"href":"https:\/\/www.campingdarvor.com\/de\/wp-json\/wp\/v2\/pages\/556\/revisions"}],"predecessor-version":[{"id":742,"href":"https:\/\/www.campingdarvor.com\/de\/wp-json\/wp\/v2\/pages\/556\/revisions\/742"}],"wp:featuredmedia":[{"embeddable":true,"href":"https:\/\/www.campingdarvor.com\/de\/wp-json\/wp\/v2\/media\/592"}],"wp:attachment":[{"href":"https:\/\/www.campingdarvor.com\/de\/wp-json\/wp\/v2\/media?parent=556"}],"curies":[{"name":"wp","href":"https:\/\/api.w.org\/{rel}","templated":true}]}}