{"id":557,"date":"2018-04-16T12:32:52","date_gmt":"2018-04-16T10:32:52","guid":{"rendered":"https:\/\/www.campingdarvor.com\/mobilheim-vermietung-morbihan\/vermietung-von-luxus-chalets-morbihan\/"},"modified":"2026-03-04T12:31:25","modified_gmt":"2026-03-04T11:31:25","slug":"vermietung-von-chalets-morbihan","status":"publish","type":"page","link":"https:\/\/www.campingdarvor.com\/de\/mobilheim-vermietung-morbihan\/vermietung-von-chalets-morbihan\/","title":{"rendered":"Vermietung von Chalets Morbihan"},"content":{"rendered":"<p>[vc_row el_class=&#8220;bggrey&#8220; css=&#8220;.vc_custom_1518891948857{padding-top: 0px !important;}&#8220;][vc_column][vc_row_inner el_class=&#8220;wrap row960&#8243;][vc_column_inner][vc_column_text el_class=&#8220;center&#8220; css=&#8220;.vc_custom_1521556495277{margin-bottom: 15px !important;}&#8220;]Das Chalet ist ca. 35 m\u00b2 gro\u00df auf einer Parzelle von \u00fcber 100 m\u00b2 und besteht aus 3 Schlafzimmern, einen Wohn-und Esszimmer mit Schlafsofa, einer ausgestatteten K\u00fcche, einem Badezimmer, separatem WC und einer \u00fcberdachten Terrasse. Au\u00dferdem verf\u00fcgt die Unterkunft \u00fcber einen Fernseher sowie Heizungen in allen Zimmern. Diese ger\u00e4umige und moderne Chalet-H\u00fctte ist ideal f\u00fcr gelungene Ferien mit der ganzen Familie am Golf von Morbihan.[\/vc_column_text][\/vc_column_inner][\/vc_row_inner][vc_row_inner equal_height=&#8220;yes&#8220; content_placement=&#8220;middle&#8220; el_class=&#8220;bgwhite wrap&#8220; css=&#8220;.vc_custom_1518892359127{padding-top: 15px !important;padding-bottom: 15px !important;}&#8220;][vc_column_inner width=&#8220;1\/2&#8243;][vc_single_image image=&#8220;474&#8243; img_size=&#8220;555&#215;350&#8243; css=&#8220;.vc_custom_1521558286130{margin-bottom: 0px !important;}&#8220;][\/vc_column_inner][vc_column_inner width=&#8220;1\/2&#8243;][vc_column_text el_class=&#8220;border-txt&#8220; css=&#8220;.vc_custom_1698826558162{margin-top: 0px !important;margin-bottom: 0px !important;}&#8220;]<\/p>\n<p>&#8211; Schlafzimmer: 1 Schlafzimmer mit einem 140&#215;190 cm Bett und 2 Schlafzimmer mit 2 80&#215;190 cm Betten.<\/p>\n<p>Rolll\u00e4den an den Fenstern.<\/p>\n<p>Kissen und Decken sind vorhanden. Bettw\u00e4sche steht zum Verleih.<\/p>\n<p>&#8211; K\u00fcche: K\u00fcche ausgestattet mit einem Gas-Kochfeld, K\u00fchlschrank mit Gefrierfach, Mikrowelle, Kaffeemaschine, Geschirr.<\/p>\n<p>&#8211; Wohn-und Esszimmer: Essbereich, Fernseher, Schlafsofa.<\/p>\n<p>&#8211; Badezimmer mit Dusche und Waschbecken.<\/p>\n<p>Handt\u00fccher werden nicht gestellt.<\/p>\n<p>Gartenm\u00f6bel, \u00fcberdachte Terrasse. Parkplatz f\u00fcr ein Fahrzeug.<\/p>\n<p>[\/vc_column_text][\/vc_column_inner][\/vc_row_inner][vc_column_text el_class=&#8220;center&#8220; css=&#8220;.vc_custom_1518892412834{margin-top: 26px !important;}&#8220;]<img alt=\"Campingplatz mit Pool Morbihan\" \/>[\/vc_column_text][\/vc_column][\/vc_row][vc_row el_class=&#8220;wrap&#8220; css=&#8220;.vc_custom_1519995253310{margin-top: 25px !important;}&#8220;][vc_column][vc_raw_html]JTNDZGl2JTNFdGhyLXNpbXBsZWJsb2NrJTIwY2F0ZWdvcmllcyUzRCUyMiU1QjEwJTVEJTIyJTIwZGF5JTNEJTIyc2FtZWRpJTIyJTIwc2hvdy1waWN0dXJlJTNEJTIydHJ1ZSUyMiUyMHNlYXJjaC10eXBlJTNEJTIyMSUyMiUzRSUyMCUzQyUyRnRoci1zaW1wbGVibG9jayUzRSUzQyUyRmRpdiUzRSUwQQ==[\/vc_raw_html][\/vc_column][\/vc_row]<\/p>\n","protected":false},"excerpt":{"rendered":"<p>[vc_row el_class=&#8220;bggrey&#8220; css=&#8220;.vc_custom_1518891948857{padding-top: 0px !important;}&#8220;][vc_column][vc_row_inner el_class=&#8220;wrap row960&#8243;][vc_column_inner][vc_column_text el_class=&#8220;center&#8220; css=&#8220;.vc_custom_1521556495277{margin-bottom: 15px [&hellip;]<\/p>\n<a href=\"https:\/\/www.campingdarvor.com\/de\/mobilheim-vermietung-morbihan\/vermietung-von-chalets-morbihan\/\">View Post<\/a>","protected":false},"author":1,"featured_media":1944,"parent":554,"menu_order":0,"comment_status":"closed","ping_status":"closed","template":"page-templates\/soeur-locatif.php","meta":{"_acf_changed":false,"footnotes":""},"class_list":["post-557","page","type-page","status-publish","has-post-thumbnail","hentry"],"acf":[],"_links":{"self":[{"href":"https:\/\/www.campingdarvor.com\/de\/wp-json\/wp\/v2\/pages\/557"}],"collection":[{"href":"https:\/\/www.campingdarvor.com\/de\/wp-json\/wp\/v2\/pages"}],"about":[{"href":"https:\/\/www.campingdarvor.com\/de\/wp-json\/wp\/v2\/types\/page"}],"author":[{"embeddable":true,"href":"https:\/\/www.campingdarvor.com\/de\/wp-json\/wp\/v2\/users\/1"}],"replies":[{"embeddable":true,"href":"https:\/\/www.campingdarvor.com\/de\/wp-json\/wp\/v2\/comments?post=557"}],"version-history":[{"count":15,"href":"https:\/\/www.campingdarvor.com\/de\/wp-json\/wp\/v2\/pages\/557\/revisions"}],"predecessor-version":[{"id":3496,"href":"https:\/\/www.campingdarvor.com\/de\/wp-json\/wp\/v2\/pages\/557\/revisions\/3496"}],"up":[{"embeddable":true,"href":"https:\/\/www.campingdarvor.com\/de\/wp-json\/wp\/v2\/pages\/554"}],"wp:featuredmedia":[{"embeddable":true,"href":"https:\/\/www.campingdarvor.com\/de\/wp-json\/wp\/v2\/media\/1944"}],"wp:attachment":[{"href":"https:\/\/www.campingdarvor.com\/de\/wp-json\/wp\/v2\/media?parent=557"}],"curies":[{"name":"wp","href":"https:\/\/api.w.org\/{rel}","templated":true}]}}