{"id":561,"date":"2018-04-16T12:33:25","date_gmt":"2018-04-16T10:33:25","guid":{"rendered":"https:\/\/www.campingdarvor.com\/mobilheim-vermietung-morbihan\/vermietung-mobilheime-mit-terrasse-morbihan\/"},"modified":"2025-06-30T16:20:17","modified_gmt":"2025-06-30T14:20:17","slug":"vermietung-mobilheime-mit-terrasse-morbihan","status":"publish","type":"page","link":"https:\/\/www.campingdarvor.com\/de\/mobilheim-vermietung-morbihan\/vermietung-mobilheime-mit-terrasse-morbihan\/","title":{"rendered":"Vermietung Mobilheime mit Terrasse Morbihan"},"content":{"rendered":"<p>[vc_row el_class=&#8220;bggrey&#8220; css=&#8220;.vc_custom_1518891948857{padding-top: 0px !important;}&#8220;][vc_column][vc_row_inner el_class=&#8220;wrap row960&#8243;][vc_column_inner][vc_column_text el_class=&#8220;center&#8220; css=&#8220;.vc_custom_1521557845685{margin-bottom: 15px !important;}&#8220;]Mobilheim ca. 30 m\u00b2 gro\u00df auf einer Parzelle von mehr als 100 m\u00b2 &#8211; besteht aus 2 Schlafzimmern, Wohn-und Esszimmer mit Schlafsofa, ausgestatteter K\u00fcche, Badezimmer, separatem WC und \u00fcberdachter Terrasse.Die Unterkunft verf\u00fcgt \u00fcber einen Fernseher sowie Heizungen in allen Zimmern. Dieses gut ausgestattete, komfortable Mobilheim ist perfekt geeignet, um die S\u00fcdbretagne mit der Familie zu entdecken und Campen zu jeder Jahreszeit zu genie\u00dfen.[\/vc_column_text][\/vc_column_inner][\/vc_row_inner][vc_row_inner equal_height=&#8220;yes&#8220; content_placement=&#8220;middle&#8220; el_class=&#8220;bgwhite wrap&#8220; css=&#8220;.vc_custom_1518892359127{padding-top: 15px !important;padding-bottom: 15px !important;}&#8220;][vc_column_inner width=&#8220;1\/2&#8243;][vc_single_image image=&#8220;2673&#8243; img_size=&#8220;555&#215;350&#8243; css=&#8220;.vc_custom_1684915539128{margin-bottom: 0px !important;}&#8220;][\/vc_column_inner][vc_column_inner width=&#8220;1\/2&#8243;][vc_column_text el_class=&#8220;border-txt&#8220; css=&#8220;.vc_custom_1698826841286{margin-top: 0px !important;margin-bottom: 0px !important;}&#8220;]<\/p>\n<p>&#8211; Schlafzimmer: 1 Schlafzimmer mit einem 140&#215;190 cm Bett und 1 Schlafzimmer mit 2 Betten jeweils 80&#215;190 cm<\/p>\n<p>Kissen und Decken sind vorhanden. Bettw\u00e4sche steht zum Verleih.<\/p>\n<p>&#8211; K\u00fcche: K\u00fcche ausgestattet mit einem Gas-Kochfeld, K\u00fchlschrank mit Gefrierfach, Mikrowelle, Kaffeemaschine, Geschirr.<\/p>\n<p>&#8211; Wohn-und Esszimmer: Essbereich, Fernseher, Schlafsofa.<\/p>\n<p>&#8211; Badezimmer mit Dusche und Waschbecken.<\/p>\n<p>Handt\u00fccher werden nicht gestellt.<\/p>\n<p>Gartenm\u00f6bel, \u00fcberdachte Terrasse. Parkplatz f\u00fcr ein Fahrzeug.<\/p>\n<p>[\/vc_column_text][\/vc_column_inner][\/vc_row_inner][vc_column_text el_class=&#8220;center&#8220; css=&#8220;.vc_custom_1518892412834{margin-top: 26px !important;}&#8220;]<img decoding=\"async\" src=\"\" alt=\"Campingplatz mit Pool Morbihan\" \/>[\/vc_column_text][\/vc_column][\/vc_row][vc_row el_class=&#8220;wrap&#8220; css=&#8220;.vc_custom_1519995253310{margin-top: 25px !important;}&#8220;][vc_column][vc_raw_html]JTNDZGl2JTNFJTNDdGhyLXNpbXBsZWJsb2NrJTIwY2F0ZWdvcmllcyUzRCUyMiU1QjklNUQlMjIlMjBkYXklM0QlMjJzYW1lZGklMjIlMjBzaG93LXBpY3R1cmUlM0QlMjJ0cnVlJTIyJTIwc2VhcmNoLXR5cGUlM0QlMjIxJTIyJTNFJTIwJTNDJTJGdGhyLXNpbXBsZWJsb2NrJTNFJTNDJTJGZGl2JTNF[\/vc_raw_html][\/vc_column][\/vc_row]<\/p>\n","protected":false},"excerpt":{"rendered":"<p>[vc_row el_class=&#8220;bggrey&#8220; css=&#8220;.vc_custom_1518891948857{padding-top: 0px !important;}&#8220;][vc_column][vc_row_inner el_class=&#8220;wrap row960&#8243;][vc_column_inner][vc_column_text el_class=&#8220;center&#8220; css=&#8220;.vc_custom_1521557845685{margin-bottom: 15px [&hellip;]<\/p>\n<a href=\"https:\/\/www.campingdarvor.com\/de\/mobilheim-vermietung-morbihan\/vermietung-mobilheime-mit-terrasse-morbihan\/\">View Post<\/a>","protected":false},"author":1,"featured_media":789,"parent":554,"menu_order":0,"comment_status":"closed","ping_status":"closed","template":"page-templates\/soeur-locatif.php","meta":{"_acf_changed":false,"footnotes":""},"class_list":["post-561","page","type-page","status-publish","has-post-thumbnail","hentry"],"acf":[],"_links":{"self":[{"href":"https:\/\/www.campingdarvor.com\/de\/wp-json\/wp\/v2\/pages\/561"}],"collection":[{"href":"https:\/\/www.campingdarvor.com\/de\/wp-json\/wp\/v2\/pages"}],"about":[{"href":"https:\/\/www.campingdarvor.com\/de\/wp-json\/wp\/v2\/types\/page"}],"author":[{"embeddable":true,"href":"https:\/\/www.campingdarvor.com\/de\/wp-json\/wp\/v2\/users\/1"}],"replies":[{"embeddable":true,"href":"https:\/\/www.campingdarvor.com\/de\/wp-json\/wp\/v2\/comments?post=561"}],"version-history":[{"count":14,"href":"https:\/\/www.campingdarvor.com\/de\/wp-json\/wp\/v2\/pages\/561\/revisions"}],"predecessor-version":[{"id":3133,"href":"https:\/\/www.campingdarvor.com\/de\/wp-json\/wp\/v2\/pages\/561\/revisions\/3133"}],"up":[{"embeddable":true,"href":"https:\/\/www.campingdarvor.com\/de\/wp-json\/wp\/v2\/pages\/554"}],"wp:featuredmedia":[{"embeddable":true,"href":"https:\/\/www.campingdarvor.com\/de\/wp-json\/wp\/v2\/media\/789"}],"wp:attachment":[{"href":"https:\/\/www.campingdarvor.com\/de\/wp-json\/wp\/v2\/media?parent=561"}],"curies":[{"name":"wp","href":"https:\/\/api.w.org\/{rel}","templated":true}]}}