{"id":562,"date":"2018-04-16T12:33:34","date_gmt":"2018-04-16T10:33:34","guid":{"rendered":"https:\/\/www.campingdarvor.com\/mobilheim-vermietung-morbihan\/mobilheim-vermietung-domino-morbihan\/"},"modified":"2025-06-30T16:21:48","modified_gmt":"2025-06-30T14:21:48","slug":"mobilheim-vermietung-domino-morbihan","status":"publish","type":"page","link":"https:\/\/www.campingdarvor.com\/de\/mobilheim-vermietung-morbihan\/mobilheim-vermietung-domino-morbihan\/","title":{"rendered":"Mobilheim-Vermietung Domino Morbihan"},"content":{"rendered":"<p>[vc_row el_class=&#8220;bggrey&#8220; css=&#8220;.vc_custom_1518891948857{padding-top: 0px !important;}&#8220;][vc_column][vc_row_inner el_class=&#8220;wrap row960&#8243;][vc_column_inner][vc_column_text el_class=&#8220;center&#8220; css=&#8220;.vc_custom_1521557700434{margin-bottom: 15px !important;}&#8220;]Mobillheim mit einer Fl\u00e4che von 21 m\u00b2 auf einer Parzelle von mehr als 100 m\u00b2. Dieses Mobilheim besteht aus 2 Schlafzimmern mit Kleiderschrank, einer K\u00fcche mit Essbereich und einem Badezimmer mit WC. Es ist perfekt geeignet f\u00fcr einen Urlaub zu zweit oder mit 1 bis 2 Kindern, um einen entspannenden Campingurlaub im Morbihan zu verbringen.[\/vc_column_text][\/vc_column_inner][\/vc_row_inner][vc_row_inner equal_height=&#8220;yes&#8220; content_placement=&#8220;middle&#8220; el_class=&#8220;bgwhite wrap&#8220; css=&#8220;.vc_custom_1518892359127{padding-top: 15px !important;padding-bottom: 15px !important;}&#8220;][vc_column_inner width=&#8220;1\/2&#8243;][vc_single_image image=&#8220;775&#8243; img_size=&#8220;555&#215;350&#8243; css=&#8220;.vc_custom_1524735455015{margin-bottom: 0px !important;}&#8220;][\/vc_column_inner][vc_column_inner width=&#8220;1\/2&#8243;][vc_column_text el_class=&#8220;border-txt&#8220; css=&#8220;.vc_custom_1640613297514{margin-top: 0px !important;margin-bottom: 0px !important;}&#8220;]<\/p>\n<p>&#8211; Schlafzimmer: 1 Schlafzimmer mit einem 140&#215;190 cm Bett und 1 Schlafzimmer mit 2 Betten jeweils 80&#215;190 cm. Babybett optional, Verleih von Baby-Kits.<\/p>\n<p>Kissen und Decken sind vorhanden. Bettw\u00e4sche steht zum Verleih.<\/p>\n<p>&#8211; K\u00fcche: K\u00fcchenzeile mit Gas-Kochplatte, K\u00fchlschrank, Mikrowelle, Kaffeemaschine, Geschirr.<\/p>\n<p>Essbereich. Eine Heizung<\/p>\n<p>&#8211; Badezimmer mit Dusche, Waschbecken und WC.<\/p>\n<p>Handt\u00fccher werden nicht gestellt.<\/p>\n<p>Gartenm\u00f6bel, Sonnenschirm, Boden-Terrasse. Parkplatz f\u00fcr ein Fahrzeug.<\/p>\n<p>[\/vc_column_text][\/vc_column_inner][\/vc_row_inner][vc_row_inner equal_height=&#8220;yes&#8220; content_placement=&#8220;middle&#8220; el_class=&#8220;bgwhite wrap&#8220; css=&#8220;.vc_custom_1518892359127{padding-top: 15px !important;padding-bottom: 15px !important;}&#8220;][vc_column_inner width=&#8220;1\/2&#8243;][vc_single_image image=&#8220;776&#8243; img_size=&#8220;555&#215;350&#8243; css=&#8220;.vc_custom_1524735466112{margin-bottom: 0px !important;}&#8220;][\/vc_column_inner][vc_column_inner width=&#8220;1\/2&#8243;][vc_single_image image=&#8220;777&#8243; img_size=&#8220;555&#215;350&#8243; css=&#8220;.vc_custom_1524735479950{margin-bottom: 0px !important;}&#8220;][\/vc_column_inner][\/vc_row_inner][vc_column_text el_class=&#8220;center&#8220; css=&#8220;.vc_custom_1518892412834{margin-top: 26px !important;}&#8220;]<img decoding=\"async\" src=\"\" alt=\"Campingplatz mit Pool Morbihan\" \/>[\/vc_column_text][\/vc_column][\/vc_row][vc_row el_class=&#8220;wrap&#8220; css=&#8220;.vc_custom_1519995253310{margin-top: 25px !important;}&#8220;][vc_column][vc_raw_html]JTNDZGl2JTNFJTNDdGhyLXNpbXBsZWJsb2NrJTIwY2F0ZWdvcmllcyUzRCUyMiU1QjQlNUQlMjIlMjBkYXklM0QlMjJzYW1lZGklMjIlMjBzaG93LXBpY3R1cmUlM0QlMjJ0cnVlJTIyJTIwc2VhcmNoLXR5cGUlM0QlMjIxJTIyJTNFJTIwJTNDJTJGdGhyLXNpbXBsZWJsb2NrJTNFJTNDJTJGZGl2JTNF[\/vc_raw_html][\/vc_column][\/vc_row]<\/p>\n","protected":false},"excerpt":{"rendered":"<p>[vc_row el_class=&#8220;bggrey&#8220; css=&#8220;.vc_custom_1518891948857{padding-top: 0px !important;}&#8220;][vc_column][vc_row_inner el_class=&#8220;wrap row960&#8243;][vc_column_inner][vc_column_text el_class=&#8220;center&#8220; css=&#8220;.vc_custom_1521557700434{margin-bottom: 15px [&hellip;]<\/p>\n<a href=\"https:\/\/www.campingdarvor.com\/de\/mobilheim-vermietung-morbihan\/mobilheim-vermietung-domino-morbihan\/\">View Post<\/a>","protected":false},"author":1,"featured_media":580,"parent":554,"menu_order":0,"comment_status":"closed","ping_status":"closed","template":"page-templates\/soeur-locatif.php","meta":{"_acf_changed":false,"footnotes":""},"class_list":["post-562","page","type-page","status-publish","has-post-thumbnail","hentry"],"acf":[],"_links":{"self":[{"href":"https:\/\/www.campingdarvor.com\/de\/wp-json\/wp\/v2\/pages\/562"}],"collection":[{"href":"https:\/\/www.campingdarvor.com\/de\/wp-json\/wp\/v2\/pages"}],"about":[{"href":"https:\/\/www.campingdarvor.com\/de\/wp-json\/wp\/v2\/types\/page"}],"author":[{"embeddable":true,"href":"https:\/\/www.campingdarvor.com\/de\/wp-json\/wp\/v2\/users\/1"}],"replies":[{"embeddable":true,"href":"https:\/\/www.campingdarvor.com\/de\/wp-json\/wp\/v2\/comments?post=562"}],"version-history":[{"count":11,"href":"https:\/\/www.campingdarvor.com\/de\/wp-json\/wp\/v2\/pages\/562\/revisions"}],"predecessor-version":[{"id":3137,"href":"https:\/\/www.campingdarvor.com\/de\/wp-json\/wp\/v2\/pages\/562\/revisions\/3137"}],"up":[{"embeddable":true,"href":"https:\/\/www.campingdarvor.com\/de\/wp-json\/wp\/v2\/pages\/554"}],"wp:featuredmedia":[{"embeddable":true,"href":"https:\/\/www.campingdarvor.com\/de\/wp-json\/wp\/v2\/media\/580"}],"wp:attachment":[{"href":"https:\/\/www.campingdarvor.com\/de\/wp-json\/wp\/v2\/media?parent=562"}],"curies":[{"name":"wp","href":"https:\/\/api.w.org\/{rel}","templated":true}]}}