{"id":565,"date":"2018-04-16T12:34:02","date_gmt":"2018-04-16T10:34:02","guid":{"rendered":"https:\/\/www.campingdarvor.com\/der-golf-von-morbihan\/"},"modified":"2020-10-27T13:49:29","modified_gmt":"2020-10-27T12:49:29","slug":"der-golf-von-morbihan","status":"publish","type":"page","link":"https:\/\/www.campingdarvor.com\/de\/der-golf-von-morbihan\/","title":{"rendered":"Der Golf von Morbihan"},"content":{"rendered":"<p>[vc_row el_class=&#8220;bggrey&#8220; css=&#8220;.vc_custom_1518891948857{padding-top: 0px !important;}&#8220;][vc_column][vc_row_inner el_class=&#8220;wrap row960&#8243;][vc_column_inner][vc_column_text el_class=&#8220;center&#8220; css=&#8220;.vc_custom_1520463028554{margin-bottom: 15px !important;}&#8220;]Ganz in der N\u00e4he des Campingplatzes gelegen, begeistert dieser Ort j\u00e4hrlich tausende von Besuchern des Morbihans. Der Golf von Morbihan geh\u00f6rt zu den sch\u00f6nsten Buchten der Welt und seine unz\u00e4hligen Inseln verzaubern mit ihrer malerischen Landschaft, die Sie vom Boot aus oder auf K\u00fcstenpfaden erkunden k\u00f6nnen. Zahlreiche Reedereien erm\u00f6glichen es Ihnen, den Golf bei einer gef\u00fchrten Rundfahrt, mit optionalem Zwischenstopp auf den Inseln \u00cele-aux-Moines oder der \u00cele d\u2019Arz, zu entdecken.[\/vc_column_text][\/vc_column_inner][\/vc_row_inner][vc_row_inner equal_height=&#8220;yes&#8220; content_placement=&#8220;middle&#8220; el_class=&#8220;bgwhite wrap&#8220; css=&#8220;.vc_custom_1518892359127{padding-top: 15px !important;padding-bottom: 15px !important;}&#8220;][vc_column_inner width=&#8220;1\/2&#8243;][vc_single_image image=&#8220;358&#8243; img_size=&#8220;555&#215;350&#8243; css=&#8220;.vc_custom_1520463525209{margin-bottom: 0px !important;}&#8220;][\/vc_column_inner][vc_column_inner width=&#8220;1\/2&#8243;][vc_column_text el_class=&#8220;border-txt&#8220; css=&#8220;.vc_custom_1520463080713{margin-top: 0px !important;margin-bottom: 0px !important;}&#8220;]Der Golf von Morbihan (bretonisch f\u00fcr \u201ekleines Meer\u201c) ist ein f\u00fcr sein mildes Klima ber\u00fchmtes Binnenmeer. Der Golf bietet zerkl\u00fcftete K\u00fcsten und abwechslungsreiche Landschaften, die sich durch den Wind und die Gezeiten st\u00e4ndig erneuern und ver\u00e4ndern. Von Ihrem Campingplatz aus ist es ganz einfach, die verschiedenen Natursch\u00e4tze zu erkunden, die der malerische Golf an jeder Ecke birgt. Nur einige wenige Minuten vom Campingplatz d\u2018Arvor entfernt erstrecken sich atemberaubende Panoramas \u00fcber das Meer des Golfs und Sie finden Anlegestellen, von denen aus Sie die verschiedenen Inseln des Morbihans erreichen und anschlie\u00dfend mit dem Fahrrad oder zu Fu\u00df erkunden k\u00f6nnen. Zur\u00fcck am Festland empfehlen wir Ihnen einen Abstecher zu den Gezeitenm\u00fchlen, die sich von herk\u00f6mmlichen Wasserm\u00fchlen unterscheiden. Noch n\u00e4her zum 3-Sterne-Campingplatz befindet sich die M\u00fcndung des P\u00e9nerf, ein ehemaliger Handelshafen, an dem heute Austern gez\u00fcchtet werden. Der P\u00e9nerf-Fluss mit seinem von Gezeiten getriebenen Salzwasser f\u00fchrt \u00fcber einen Zufluss entlang, der die alten Salzg\u00e4rten durchkreuzt, bis hin zum Campingplatz. Entdecken Sie die heimischen Tiere (zahlreiche Vogelarten und mehr) dieses speziellen \u00d6kosystems und erfahren Sie so, weshalb die Region um den Golf von Morbihan und der Campingplatz d\u2018Arvor sich daf\u00fcr einsetzen, diese nat\u00fcrlichen Lebensr\u00e4ume zu erhalten und Sie dazu anhalten, sich der Natur gegen\u00fcber respektvoll zu verhalten.[\/vc_column_text][\/vc_column_inner][\/vc_row_inner][vc_column_text el_class=&#8220;center&#8220; css=&#8220;.vc_custom_1518892412834{margin-top: 26px !important;}&#8220;]<img decoding=\"async\" src=\"\" alt=\"Campingplatz mit Pool Morbihan\" \/>[\/vc_column_text][\/vc_column][\/vc_row][vc_row css=&#8220;.vc_custom_1518892571731{padding-top: 50px !important;padding-bottom: 50px !important;}&#8220;][vc_column][vc_row_inner content_placement=&#8220;middle&#8220; el_class=&#8220;wrap&#8220;][vc_column_inner width=&#8220;1\/2&#8243; el_id=&#8220;content-mer&#8220;][vc_column_text el_class=&#8220;border-txt&#8220;]Der Golf von Morbihan bietet au\u00dferdem eine Vielzahl von Schl\u00f6ssern, Leuchtt\u00fcrmen, unter Denkmalschutz stehenden Kapellen, D\u00f6rfern mit mittelalterlichen Bauwerken, versteckten kleinen Buchten, feinen Sandstr\u00e4nden, W\u00e4ldern, Pfaden und Wanderungen sowie nat\u00fcrlich die weltweit bekannten<\/p>\n<p>Steinbl\u00f6cke, die Megalithen.Es gibt also zahlreiche gute Gr\u00fcnde, warum Sie einen Urlaub oder einen Wochenend-Trip auf dem Campingplatz d\u2018Arvor am Golf von Morbihan in der Bretagne verbringen sollten &#8211; bei uns finden Sie nat\u00fcrlich auch vor Ort Infomaterial zu allen wichtigen Sehensw\u00fcrdigkeiten und Naturdenkm\u00e4lern.[\/vc_column_text][\/vc_column_inner][vc_column_inner width=&#8220;1\/4&#8243; css=&#8220;.vc_custom_1518715552516{margin-left: 0px !important;padding-left: 0px !important;}&#8220;][vc_column_text css=&#8220;.vc_custom_1520463856661{margin-bottom: 15px !important;}&#8220;]<img decoding=\"async\" class=\"alignnone size-full wp-image-362\" src=\"\" alt=\"Den Golf von Morbihan besuchen\" width=\"280\" height=\"135\" \/>[\/vc_column_text][vc_column_text css=&#8220;.vc_custom_1520463877304{margin-bottom: 0px !important;}&#8220;]<img decoding=\"async\" class=\"alignnone size-full wp-image-360\" src=\"\" alt=\"Angeln am Golf von Morbihan\" width=\"280\" height=\"135\" \/>[\/vc_column_text][\/vc_column_inner][vc_column_inner width=&#8220;1\/4&#8243; css=&#8220;.vc_custom_1518893205739{padding-left: 0px !important;}&#8220;][vc_column_text css=&#8220;.vc_custom_1520463867115{margin-bottom: 15px !important;}&#8220;]<img decoding=\"async\" class=\"alignnone size-full wp-image-361\" src=\"\" alt=\"Am Meer am Golf von Morbihan\" width=\"280\" height=\"135\" \/>[\/vc_column_text][vc_column_text css=&#8220;.vc_custom_1520463887910{margin-bottom: 0px !important;}&#8220;]<img decoding=\"async\" class=\"alignnone size-full wp-image-359\" src=\"\" alt=\"Entdecken Sie den Golf von Morbihan\" width=\"280\" height=\"135\" \/>[\/vc_column_text][\/vc_column_inner][\/vc_row_inner][vc_column_text el_class=&#8220;center&#8220; css=&#8220;.vc_custom_1518790592887{margin-top: 50px !important;margin-bottom: -15px !important;}&#8220;]<img decoding=\"async\" src=\"\" alt=\"Campingplatz am Meer Morbihan\" \/>[\/vc_column_text][\/vc_column][\/vc_row]<\/p>\n","protected":false},"excerpt":{"rendered":"<p>[vc_row el_class=&#8220;bggrey&#8220; css=&#8220;.vc_custom_1518891948857{padding-top: 0px !important;}&#8220;][vc_column][vc_row_inner el_class=&#8220;wrap row960&#8243;][vc_column_inner][vc_column_text el_class=&#8220;center&#8220; css=&#8220;.vc_custom_1520463028554{margin-bottom: 15px [&hellip;]<\/p>\n<a href=\"https:\/\/www.campingdarvor.com\/de\/der-golf-von-morbihan\/\">View Post<\/a>","protected":false},"author":1,"featured_media":604,"parent":0,"menu_order":0,"comment_status":"closed","ping_status":"closed","template":"page-templates\/full.php","meta":{"_acf_changed":false,"footnotes":""},"class_list":["post-565","page","type-page","status-publish","has-post-thumbnail","hentry"],"acf":[],"_links":{"self":[{"href":"https:\/\/www.campingdarvor.com\/de\/wp-json\/wp\/v2\/pages\/565"}],"collection":[{"href":"https:\/\/www.campingdarvor.com\/de\/wp-json\/wp\/v2\/pages"}],"about":[{"href":"https:\/\/www.campingdarvor.com\/de\/wp-json\/wp\/v2\/types\/page"}],"author":[{"embeddable":true,"href":"https:\/\/www.campingdarvor.com\/de\/wp-json\/wp\/v2\/users\/1"}],"replies":[{"embeddable":true,"href":"https:\/\/www.campingdarvor.com\/de\/wp-json\/wp\/v2\/comments?post=565"}],"version-history":[{"count":1,"href":"https:\/\/www.campingdarvor.com\/de\/wp-json\/wp\/v2\/pages\/565\/revisions"}],"predecessor-version":[{"id":603,"href":"https:\/\/www.campingdarvor.com\/de\/wp-json\/wp\/v2\/pages\/565\/revisions\/603"}],"wp:featuredmedia":[{"embeddable":true,"href":"https:\/\/www.campingdarvor.com\/de\/wp-json\/wp\/v2\/media\/604"}],"wp:attachment":[{"href":"https:\/\/www.campingdarvor.com\/de\/wp-json\/wp\/v2\/media?parent=565"}],"curies":[{"name":"wp","href":"https:\/\/api.w.org\/{rel}","templated":true}]}}