{"id":566,"date":"2018-04-16T12:34:09","date_gmt":"2018-04-16T10:34:09","guid":{"rendered":"https:\/\/www.campingdarvor.com\/campingplatz-mit-freizeitprogramm-morbihan\/"},"modified":"2025-01-22T11:31:08","modified_gmt":"2025-01-22T10:31:08","slug":"campingplatz-mit-freizeitprogramm-morbihan","status":"publish","type":"page","link":"https:\/\/www.campingdarvor.com\/de\/campingplatz-mit-freizeitprogramm-morbihan\/","title":{"rendered":"Campingplatz mit Freizeitprogramm Morbihan"},"content":{"rendered":"<p>[vc_row el_class=&#8220;bggrey&#8220; css=&#8220;.vc_custom_1518891948857{padding-top: 0px !important;}&#8220;][vc_column][vc_row_inner el_class=&#8220;wrap row960&#8243;][vc_column_inner][\/vc_column_inner][\/vc_row_inner][vc_row_inner equal_height=&#8220;yes&#8220; content_placement=&#8220;middle&#8220; el_class=&#8220;bgwhite wrap&#8220; css=&#8220;.vc_custom_1521712864178{padding-top: 15px !important;padding-bottom: 15px !important;}&#8220; el_id=&#8220;sportives&#8220;][vc_column_inner width=&#8220;1\/2&#8243;][vc_gallery interval=&#8220;3&#8243; images=&#8220;1415,1409,1412&#8243; img_size=&#8220;555&#215;350&#8243; css=&#8220;.vc_custom_1603794563685{margin-bottom: 0px !important;}&#8220;][\/vc_column_inner][vc_column_inner width=&#8220;1\/2&#8243;][vc_column_text el_class=&#8220;border-txt&#8220; css=&#8220;.vc_custom_1737541650730{margin-top: 0px !important;margin-bottom: 0px !important;}&#8220;]<\/p>\n<p>Auf unserem famili\u00e4ren und freundlichen Campingplatz werden Ihnen w\u00e4hrend Ihres gesamten Aufenthalts Animationen angeboten, um Jung und Alt zu unterhalten:<\/p>\n<ul>\n<li>Bogenfangspiele, Sumoturniere und Bogenschie\u00dfen werden Jugendliche und Erwachsene besch\u00e4ftigen. Diese Aktivit\u00e4ten werden beaufsichtigt und sind v\u00f6llig kostenlos.<\/li>\n<li>In der Hochsaison und w\u00e4hrend der Osterferien empf\u00e4ngt der Kinderclub die J\u00fcngsten im Alter von 6 bis 12 Jahren. Ein Animateur Camping Paradies morgens und nachmittags organisiert alle Arten von Aktivit\u00e4ten: Entdeckungsworkshops, Basteln, handwerkliche T\u00e4tigkeiten, Spiele im Freien, sportliche Aktivit\u00e4ten, Schatzsuche, Fluchtspiele, kurzum, es mangelt ihm nicht an Ideen, um Ihre Kinder zu besch\u00e4ftigen und ihnen einen tollen Urlaub zu bescheren!<\/li>\n<\/ul>\n<p>[\/vc_column_text][\/vc_column_inner][\/vc_row_inner][vc_column_text el_class=&#8220;center&#8220; css=&#8220;.vc_custom_1635324317453{margin-top: 26px !important;}&#8220;]<\/p>\n<p><img decoding=\"async\" src=\"\/wp-content\/uploads\/2021\/10\/camping-avec-piscine-morbihan.png\" alt=\"Camping avec piscine Morbihan\" \/><\/p>\n<p>[\/vc_column_text][\/vc_column][\/vc_row][vc_row css=&#8220;.vc_custom_1518892571731{padding-top: 50px !important;padding-bottom: 50px !important;}&#8220;][vc_column][vc_row_inner content_placement=&#8220;middle&#8220; el_class=&#8220;wrap&#8220;][vc_column_inner width=&#8220;1\/2&#8243; el_id=&#8220;content-mer&#8220;][vc_column_text el_class=&#8220;border-txt&#8220;]<\/p>\n<ul>\n<li>F\u00fcr Petanque-Liebhaber werden Turniere mit der Einrichtung einer Erfrischungsbar in der N\u00e4he des Teiches f\u00fcr angenehme Nachmittage organisiert.<\/li>\n<li>Die Snack-Bar des Campingplatzes d&#8217;Arvor empf\u00e4ngt Sie von April bis September und bietet Ihnen auch Unterhaltung: Aperitifspiele, um sich mit Freunden auf der Terrasse zu entspannen, w\u00e4hrend man auf das Abendessen wartet, Lotto, Karaoke, Tanzabende, Themenabende (Muscheln \/ Pommes Frites, Bretonisch, Riesengrill &#8230;), Kartenturniere, Konzerte und Tanzeinf\u00fchrungen stehen in der Saison auf dem Programm.<\/li>\n<\/ul>\n<p>Geselligkeit ist unsere Priorit\u00e4t auf dem Camping d&#8217;Arvor, damit sich Ihre Ferien im Morbihan auf Entspannung und Vergn\u00fcgen reimen.<\/p>\n<p>[\/vc_column_text][\/vc_column_inner][vc_column_inner width=&#8220;1\/4&#8243; css=&#8220;.vc_custom_1518893205739{padding-left: 0px !important;}&#8220;][vc_column_text css=&#8220;.vc_custom_1603794721339{margin-bottom: 15px !important;}&#8220;]<\/p>\n<p><img decoding=\"async\" class=\"alignnone size-medium wp-image-236\" src=\"https:\/\/www.campingdarvor.com\/wp-content\/uploads\/2020\/10\/soirees-camping-morbihan.jpg\" alt=\"Camping Morbihan avec biblioth\u00e8que\" \/><\/p>\n<p>[\/vc_column_text][\/vc_column_inner][vc_column_inner width=&#8220;1\/4&#8243; css=&#8220;.vc_custom_1518715552516{margin-left: 0px !important;padding-left: 0px !important;}&#8220;][vc_column_text css=&#8220;.vc_custom_1603794731868{margin-bottom: 15px !important;}&#8220;]<\/p>\n<p><img decoding=\"async\" src=\"https:\/\/www.campingdarvor.com\/wp-content\/uploads\/2020\/10\/camping-petanque-morbihan.jpg\" alt=\"\" width=\"278\" height=\"300\" class=\"alignnone size-medium wp-image-235\" \/><\/p>\n<p>[\/vc_column_text][\/vc_column_inner][\/vc_row_inner][vc_column_text el_class=&#8220;center&#8220; css=&#8220;.vc_custom_1635324325645{margin-bottom: -15px !important;}&#8220;]<\/p>\n<p><img decoding=\"async\" src=\"\/wp-content\/uploads\/2021\/10\/camping-avec-piscine-morbihan.png\" alt=\"Camping bord de mer Morbihan\" \/><\/p>\n<p>[\/vc_column_text][\/vc_column][\/vc_row][vc_row el_class=&#8220;bggrey&#8220; css=&#8220;.vc_custom_1603794481503{padding-top: 0px !important;}&#8220; el_id=&#8220;enfants&#8220;][vc_column css=&#8220;.vc_custom_1603793937410{padding-top: 30px !important;}&#8220;][vc_row_inner equal_height=&#8220;yes&#8220; content_placement=&#8220;middle&#8220; el_class=&#8220;bgwhite wrap&#8220; css=&#8220;.vc_custom_1518892359127{padding-top: 15px !important;padding-bottom: 15px !important;}&#8220;][vc_column_inner][vc_column_text el_class=&#8220;border-txt&#8220; css=&#8220;.vc_custom_1737541868564{margin-top: 0px !important;margin-bottom: 0px !important;}&#8220;]<\/p>\n<p>\nDie Kinder werden im Juli und August morgens und nachmittags und w\u00e4hrend der Osterferien ein Animateur Camping Paradies beaufsichtigt. Er wird ihnen viele lustige, sportliche, handwerkliche und p\u00e4dagogische Aktivit\u00e4ten anbieten (Gruppenspiele, Schatzsuche, Entdeckungsworkshops, Kost\u00fcme&#8230;), damit sie auf dem Camping d&#8217;Arvor unvergessliche Momente im S\u00fcden der Bretagne verbringen.<\/p>\n<p>[\/vc_column_text][\/vc_column_inner][\/vc_row_inner][vc_column_text el_class=&#8220;center&#8220; css=&#8220;.vc_custom_1635324334645{margin-top: 26px !important;}&#8220;]<\/p>\n<p><img decoding=\"async\" src=\"\/wp-content\/uploads\/2021\/10\/camping-avec-piscine-morbihan.png\" alt=\"Camping avec piscine Morbihan\" \/><\/p>\n<p>[\/vc_column_text][\/vc_column][\/vc_row]<\/p>\n","protected":false},"excerpt":{"rendered":"<p>[vc_row el_class=&#8220;bggrey&#8220; css=&#8220;.vc_custom_1518891948857{padding-top: 0px !important;}&#8220;][vc_column][vc_row_inner el_class=&#8220;wrap row960&#8243;][vc_column_inner][\/vc_column_inner][\/vc_row_inner][vc_row_inner equal_height=&#8220;yes&#8220; content_placement=&#8220;middle&#8220; el_class=&#8220;bgwhite [&hellip;]<\/p>\n<a href=\"https:\/\/www.campingdarvor.com\/de\/campingplatz-mit-freizeitprogramm-morbihan\/\">View Post<\/a>","protected":false},"author":1,"featured_media":596,"parent":0,"menu_order":0,"comment_status":"closed","ping_status":"closed","template":"page-templates\/full.php","meta":{"_acf_changed":false,"footnotes":""},"class_list":["post-566","page","type-page","status-publish","has-post-thumbnail","hentry"],"acf":[],"_links":{"self":[{"href":"https:\/\/www.campingdarvor.com\/de\/wp-json\/wp\/v2\/pages\/566"}],"collection":[{"href":"https:\/\/www.campingdarvor.com\/de\/wp-json\/wp\/v2\/pages"}],"about":[{"href":"https:\/\/www.campingdarvor.com\/de\/wp-json\/wp\/v2\/types\/page"}],"author":[{"embeddable":true,"href":"https:\/\/www.campingdarvor.com\/de\/wp-json\/wp\/v2\/users\/1"}],"replies":[{"embeddable":true,"href":"https:\/\/www.campingdarvor.com\/de\/wp-json\/wp\/v2\/comments?post=566"}],"version-history":[{"count":14,"href":"https:\/\/www.campingdarvor.com\/de\/wp-json\/wp\/v2\/pages\/566\/revisions"}],"predecessor-version":[{"id":3035,"href":"https:\/\/www.campingdarvor.com\/de\/wp-json\/wp\/v2\/pages\/566\/revisions\/3035"}],"wp:featuredmedia":[{"embeddable":true,"href":"https:\/\/www.campingdarvor.com\/de\/wp-json\/wp\/v2\/media\/596"}],"wp:attachment":[{"href":"https:\/\/www.campingdarvor.com\/de\/wp-json\/wp\/v2\/media?parent=566"}],"curies":[{"name":"wp","href":"https:\/\/api.w.org\/{rel}","templated":true}]}}